{"id":100,"date":"2019-09-16T10:45:27","date_gmt":"2019-09-16T13:45:27","guid":{"rendered":"https:\/\/manuts.com.br\/?page_id=100"},"modified":"2026-03-10T14:53:13","modified_gmt":"2026-03-10T17:53:13","slug":"manutencao-de-grupos-geradores","status":"publish","type":"page","link":"https:\/\/manuts.com.br\/index.php\/manutencao-de-grupos-geradores\/","title":{"rendered":"Manuten\u00e7\u00e3o de Grupos Geradores"},"content":{"rendered":"<div class=\"wpb-content-wrapper\"><p>[vc_row][vc_column]\n\n\n    <h2 id=\"hd-69e43ead398ba\" class=\"li-heading  center fw-bold         vc_custom_1571423212575\" style=\"color: #1e73be;\" >\n        SERVI\u00c7OS        <small  class=\"fw-bold\">MANUTEN\u00c7\u00c3O DE GRUPOS GERADORES<\/small>    <\/h2>\n\n\n\n    [\/vc_column][\/vc_row][vc_row][vc_column]\n\n\n    <h2 id=\"hd-69e43ead398e0\" class=\"li-heading  left fw-bold        \"  >\n                    <\/h2>\n\n\n\n    \n\n    <div id=\"img-69e43ead398f2\" class=\"li-image  center         vc_custom_1568644129854\" >\n\n        \n            \n                <img loading=\"lazy\" decoding=\"async\" width=\"2600\" height=\"650\" src=\"https:\/\/manuts.com.br\/wp-content\/uploads\/2019\/05\/fabrica2.jpg\" class=\"img-responsive\" alt=\"\" srcset=\"https:\/\/manuts.com.br\/wp-content\/uploads\/2019\/05\/fabrica2.jpg 2600w, https:\/\/manuts.com.br\/wp-content\/uploads\/2019\/05\/fabrica2-300x75.jpg 300w, https:\/\/manuts.com.br\/wp-content\/uploads\/2019\/05\/fabrica2-768x192.jpg 768w, https:\/\/manuts.com.br\/wp-content\/uploads\/2019\/05\/fabrica2-1024x256.jpg 1024w\" sizes=\"auto, (max-width: 2600px) 100vw, 2600px\" \/>\n            \n        \n    <\/div>\n\n     [\/vc_column][\/vc_row][vc_row][vc_column width=&#8221;1\/2&#8243;]\n\n    <div id=\"img-69e43ead39b4a\" class=\"li-image           vc_custom_1568643409844\" >\n\n        \n            \n                <img loading=\"lazy\" decoding=\"async\" width=\"567\" height=\"375\" src=\"https:\/\/manuts.com.br\/wp-content\/uploads\/2019\/09\/gerador_pag.png\" class=\"img-responsive\" alt=\"\" srcset=\"https:\/\/manuts.com.br\/wp-content\/uploads\/2019\/09\/gerador_pag.png 567w, https:\/\/manuts.com.br\/wp-content\/uploads\/2019\/09\/gerador_pag-300x198.png 300w\" sizes=\"auto, (max-width: 567px) 100vw, 567px\" \/>\n            \n        \n    <\/div>\n\n     [\/vc_column][vc_column width=&#8221;1\/2&#8243;]\n\n    <div id=\"tb-69e43ead39d6e\" class=\"li-textblock          vc_custom_1568643421762\"  >\n        <p style=\"text-align: justify;\"><strong>A manuten\u00e7\u00e3o peri\u00f3dica do grupo gerador \u00e9 essencial, pois evita poss\u00edveis falhas e quebras, aumentando a confiabilidade dos equipamentos e diminuindo desperd\u00edcios, preservando o capital investido. Mediante contrato ou chamado avulso, a Manut Servi\u00e7os &nbsp;executa visitas peri\u00f3dicas para realiza\u00e7\u00e3o da manuten\u00e7\u00e3o preventiva ou corretiva, para trocas de pe\u00e7as, tais como filtro de \u00f3leo, de ar, de combust\u00edvel, etc.<\/strong><\/p>\n    <\/div>\n\n\n     <div class=\"btn-wrapper inline \"><a href=\"https:\/\/wp.faleconosco.chat\/redirect\/a8c841a27\"   class=\"btn  btn-md btn-blue  btn-icon-left\" id=\"btn-69e43ead39dbf\"><i class=\"fab fa-whatsapp\"><\/i>Fa\u00e7a sua cota\u00e7\u00e3o<\/a><\/div>[\/vc_column][\/vc_row][vc_row][vc_column width=&#8221;1\/2&#8243;]\n\n\n    <h4 id=\"hd-69e43ead39dea\" class=\"li-heading  center fw-bold        \" style=\"color: #1e73be;\" >\n        REFORMA E AUTOMA\u00c7\u00c3O DE GRUPOS GERADORES            <\/h4>\n\n\n\n    \n\n    <div id=\"tb-69e43ead39df9\" class=\"li-textblock         \"  >\n        <p style=\"text-align: Justify;\"><strong>Em muitas ocasi\u00f5es, h\u00e1 o interesse em se adequar um grupo gerador ou outros sistemas de gera\u00e7\u00e3o a uma nova necessidade e a MANUT elabora e executa projetos envolvendo automa\u00e7\u00e3o de grupo gerador, visando oferecer aos seus usu\u00e1rios um (Up Grade) completo com estudos de carga, comandos dedicados, paralelismos com divis\u00e3o de cargas, base de carga, controle de demanda, rejei\u00e7\u00e3o de cargas, seletividade de cargas com servi\u00e7os e produtos de \u00faltima gera\u00e7\u00e3o.<\/strong><\/p>\n    <\/div>\n\n\n     [\/vc_column][vc_column width=&#8221;1\/2&#8243;]\n\n    <div id=\"img-69e43ead39e30\" class=\"li-image           vc_custom_1568727921518\" >\n\n        \n            \n                <img loading=\"lazy\" decoding=\"async\" width=\"734\" height=\"438\" src=\"https:\/\/manuts.com.br\/wp-content\/uploads\/2019\/05\/gerador-1.png\" class=\"img-responsive\" alt=\"\" srcset=\"https:\/\/manuts.com.br\/wp-content\/uploads\/2019\/05\/gerador-1.png 734w, https:\/\/manuts.com.br\/wp-content\/uploads\/2019\/05\/gerador-1-300x179.png 300w\" sizes=\"auto, (max-width: 734px) 100vw, 734px\" \/>\n            \n        \n    <\/div>\n\n     [\/vc_column][\/vc_row][vc_row][vc_column width=&#8221;2\/3&#8243;]\n\n    <ul class=\"list-unstyled li-icon-list         \" id=\"ilist-69e43ead3a034\" >\n        \n\n    <li class=\"\" style=\"color: #1e73be;\" >\n        <i class=\"fa fa-check\" ><\/i> Automa\u00e7\u00e3o de Grupos Geradores;    <\/li>\n\n\n    \n\n    <li class=\"\" style=\"color: #1e73be;\" >\n        <i class=\"fa fa-check\" ><\/i> Loca\u00e7\u00e3o de Pain\u00e9is e QTA\u00b4s;    <\/li>\n\n\n    \n\n    <li class=\"\" style=\"color: #1e73be;\" >\n        <i class=\"fa fa-check\" ><\/i> Montagem de Quadro Geral de Baixa Tens\u00e3o;    <\/li>\n\n\n    \n\n    <li class=\"\" style=\"color: #1e73be;\" >\n        <i class=\"fa fa-check\" ><\/i> Montagem de Quadros de Transfer\u00eancia Autom\u00e1tico para Grupos Geradores;    <\/li>\n\n\n    \n\n    <li class=\"\" style=\"color: #1e73be;\" >\n        <i class=\"fa fa-check\" ><\/i> Montagem de Quadros de Comando Autom\u00e1ticos para Grupos Geradores;    <\/li>\n\n\n    \n\n    <li class=\"\" style=\"color: #1e73be;\" >\n        <i class=\"fa fa-check\" ><\/i> Moderniza\u00e7\u00e3o e automa\u00e7\u00e3o em grupos geradores;    <\/li>\n\n\n    \n\n    <li class=\"\" style=\"color: #1e73be;\" >\n        <i class=\"fa fa-check\" ><\/i> Painel de Paralelismo Autom\u00e1tico entre Grupos Geradores e a Concession\u00e1ria;    <\/li>\n\n\n    \n\n    <li class=\"\" style=\"color: #1e73be;\" >\n        <i class=\"fa fa-check\" ><\/i> Conserto de M\u00f3dulos Micro processados;    <\/li>\n\n\n    \n\n    <li class=\"\" style=\"color: #1e73be;\" >\n        <i class=\"fa fa-check\" ><\/i> Conserto de Carregadores de baterias;    <\/li>\n\n\n    \n\n    <li class=\"\" style=\"color: #1e73be;\" >\n        <i class=\"fa fa-check\" ><\/i> Conserto de Excitatriz;    <\/li>\n\n\n    \n\n    <li class=\"\" style=\"color: #1e73be;\" >\n        <i class=\"fa fa-check\" ><\/i> Conserto\/ Reforma de Pain\u00e9is de Comando aplicados em Grupos Geradores e Moto Bombas    <\/li>\n\n\n        <\/ul>\n\n\n    [\/vc_column][vc_column width=&#8221;1\/3&#8243;][\/vc_column][\/vc_row][vc_row][vc_column]<div class=\"btn-wrapper center  vc_custom_1773165182614\"><a href=\"https:\/\/wp.faleconosco.chat\/redirect\/a8c841a27\"   class=\"btn  btn-md btn-blue  btn-icon-left\" id=\"btn-69e43ead3a0dd\"><i class=\"fab fa-whatsapp\"><\/i>Fa\u00e7a sua cota\u00e7\u00e3o<\/a><\/div>\n\n\n    <h4 id=\"hd-69e43ead3a102\" class=\"li-heading  center fw-bold        \" style=\"color: #1e73be;\" >\n        CONSERTO DE M\u00d3DULOS E CONTROLADORES MICRO PROCESSADOS        <small  class=\"fw-bold\">Em nosso laborat\u00f3rio de eletr\u00f4nica pr\u00f3prio consertamos, aferimos, parametrizamos e testamos os m\u00f3dulos das principais marcas,como DEEP SEA, DEIF, Olympian, KVA, Smartgen ENTRE OUTROS CONTROLADORES.<\/small>    <\/h4>\n\n\n\n    [\/vc_column][\/vc_row][vc_row][vc_column width=&#8221;1\/3&#8243;]\n\n    <div id=\"img-69e43ead3a114\" class=\"li-image  center         vc_custom_1568729830346\" >\n\n        \n            \n                <img loading=\"lazy\" decoding=\"async\" width=\"567\" height=\"282\" src=\"https:\/\/manuts.com.br\/wp-content\/uploads\/2019\/09\/01.png\" class=\"img-responsive\" alt=\"\" srcset=\"https:\/\/manuts.com.br\/wp-content\/uploads\/2019\/09\/01.png 567w, https:\/\/manuts.com.br\/wp-content\/uploads\/2019\/09\/01-300x149.png 300w\" sizes=\"auto, (max-width: 567px) 100vw, 567px\" \/>\n            \n        \n    <\/div>\n\n     \n\n    <div id=\"img-69e43ead3a3c2\" class=\"li-image  center         vc_custom_1568729849327\" >\n\n        \n            \n                <img loading=\"lazy\" decoding=\"async\" width=\"500\" height=\"402\" src=\"https:\/\/manuts.com.br\/wp-content\/uploads\/2019\/09\/04.png\" class=\"img-responsive\" alt=\"\" srcset=\"https:\/\/manuts.com.br\/wp-content\/uploads\/2019\/09\/04.png 500w, https:\/\/manuts.com.br\/wp-content\/uploads\/2019\/09\/04-300x241.png 300w\" sizes=\"auto, (max-width: 500px) 100vw, 500px\" \/>\n            \n        \n    <\/div>\n\n     [\/vc_column][vc_column width=&#8221;1\/3&#8243;]\n\n    <div id=\"img-69e43ead3a5c1\" class=\"li-image  center        \" >\n\n        \n            \n                <img loading=\"lazy\" decoding=\"async\" width=\"567\" height=\"418\" src=\"https:\/\/manuts.com.br\/wp-content\/uploads\/2019\/09\/02.png\" class=\"img-responsive\" alt=\"\" srcset=\"https:\/\/manuts.com.br\/wp-content\/uploads\/2019\/09\/02.png 567w, https:\/\/manuts.com.br\/wp-content\/uploads\/2019\/09\/02-300x221.png 300w\" sizes=\"auto, (max-width: 567px) 100vw, 567px\" \/>\n            \n        \n    <\/div>\n\n     \n\n    <div id=\"img-69e43ead3a7ac\" class=\"li-image  center         vc_custom_1568729857626\" >\n\n        \n            \n                <img loading=\"lazy\" decoding=\"async\" width=\"472\" height=\"413\" src=\"https:\/\/manuts.com.br\/wp-content\/uploads\/2019\/09\/05.png\" class=\"img-responsive\" alt=\"\" srcset=\"https:\/\/manuts.com.br\/wp-content\/uploads\/2019\/09\/05.png 472w, https:\/\/manuts.com.br\/wp-content\/uploads\/2019\/09\/05-300x263.png 300w\" sizes=\"auto, (max-width: 472px) 100vw, 472px\" \/>\n            \n        \n    <\/div>\n\n     [\/vc_column][vc_column width=&#8221;1\/3&#8243;]\n\n    <div id=\"img-69e43ead3a9aa\" class=\"li-image  center         vc_custom_1568729871866\" >\n\n        \n            \n                <img loading=\"lazy\" decoding=\"async\" width=\"567\" height=\"319\" src=\"https:\/\/manuts.com.br\/wp-content\/uploads\/2019\/09\/03.png\" class=\"img-responsive\" alt=\"\" srcset=\"https:\/\/manuts.com.br\/wp-content\/uploads\/2019\/09\/03.png 567w, https:\/\/manuts.com.br\/wp-content\/uploads\/2019\/09\/03-300x169.png 300w\" sizes=\"auto, (max-width: 567px) 100vw, 567px\" \/>\n            \n        \n    <\/div>\n\n     [\/vc_column][\/vc_row]<\/p>\n<\/div>","protected":false},"excerpt":{"rendered":"<p>[vc_row][vc_column][\/vc_column][\/vc_row][vc_row][vc_column][\/vc_column][\/vc_row][vc_row][vc_column width=&#8221;1\/2&#8243;][\/vc_column][vc_column width=&#8221;1\/2&#8243;][\/vc_column][\/vc_row][vc_row][vc_column width=&#8221;1\/2&#8243;][\/vc_column][vc_column width=&#8221;1\/2&#8243;][\/vc_column][\/vc_row][vc_row][vc_column width=&#8221;2\/3&#8243;][\/vc_column][vc_column width=&#8221;1\/3&#8243;][\/vc_column][\/vc_row][vc_row][vc_column][\/vc_column][\/vc_row][vc_row][vc_column width=&#8221;1\/3&#8243;][\/vc_column][vc_column width=&#8221;1\/3&#8243;][\/vc_column][vc_column width=&#8221;1\/3&#8243;][\/vc_column][\/vc_row]<\/p>\n","protected":false},"author":1,"featured_media":0,"parent":0,"menu_order":0,"comment_status":"closed","ping_status":"closed","template":"","meta":{"_exactmetrics_skip_tracking":false,"_exactmetrics_sitenote_active":false,"_exactmetrics_sitenote_note":"","_exactmetrics_sitenote_category":0,"footnotes":""},"class_list":["post-100","page","type-page","status-publish","hentry"],"_links":{"self":[{"href":"https:\/\/manuts.com.br\/index.php\/wp-json\/wp\/v2\/pages\/100","targetHints":{"allow":["GET"]}}],"collection":[{"href":"https:\/\/manuts.com.br\/index.php\/wp-json\/wp\/v2\/pages"}],"about":[{"href":"https:\/\/manuts.com.br\/index.php\/wp-json\/wp\/v2\/types\/page"}],"author":[{"embeddable":true,"href":"https:\/\/manuts.com.br\/index.php\/wp-json\/wp\/v2\/users\/1"}],"replies":[{"embeddable":true,"href":"https:\/\/manuts.com.br\/index.php\/wp-json\/wp\/v2\/comments?post=100"}],"version-history":[{"count":27,"href":"https:\/\/manuts.com.br\/index.php\/wp-json\/wp\/v2\/pages\/100\/revisions"}],"predecessor-version":[{"id":327,"href":"https:\/\/manuts.com.br\/index.php\/wp-json\/wp\/v2\/pages\/100\/revisions\/327"}],"wp:attachment":[{"href":"https:\/\/manuts.com.br\/index.php\/wp-json\/wp\/v2\/media?parent=100"}],"curies":[{"name":"wp","href":"https:\/\/api.w.org\/{rel}","templated":true}]}}