{"id":133,"date":"2019-09-19T10:31:21","date_gmt":"2019-09-19T13:31:21","guid":{"rendered":"https:\/\/manuts.com.br\/?page_id=133"},"modified":"2019-11-06T16:21:28","modified_gmt":"2019-11-06T18:21:28","slug":"manutencao-de-compressores","status":"publish","type":"page","link":"https:\/\/manuts.com.br\/index.php\/manutencao-de-compressores\/","title":{"rendered":"Manuten\u00e7\u00e3o de compressores"},"content":{"rendered":"<div class=\"wpb-content-wrapper\"><p>[vc_row][vc_column]\n\n\n    <h2 id=\"hd-69e43d6098370\" class=\"li-heading  center fw-bold         vc_custom_1573064525340\" style=\"color: #1e73be;\" >\n        Manuten\u00e7\u00e3o de Compressores        <small  class=\"fw-normal\">Manuten\u00e7\u00e3o corretiva e preventiva de compressores el\u00e9trico ou a combust\u00e3o sendo de pist\u00e3o ou  parafuso.<br \/>\nAferi\u00e7\u00e3o de instrumento como man\u00f4metro e v\u00e1lvulas de seguran\u00e7a.<\/small>    <\/h2>\n\n\n\n    [\/vc_column][\/vc_row][vc_row][vc_column]\n\n    <div id=\"img-69e43d6098391\" class=\"li-image  center         vc_custom_1568900288061\" >\n\n        \n            \n                <img loading=\"lazy\" decoding=\"async\" width=\"567\" height=\"430\" src=\"https:\/\/manuts.com.br\/wp-content\/uploads\/2019\/09\/compressor.png\" class=\"img-responsive\" alt=\"\" srcset=\"https:\/\/manuts.com.br\/wp-content\/uploads\/2019\/09\/compressor.png 567w, https:\/\/manuts.com.br\/wp-content\/uploads\/2019\/09\/compressor-300x228.png 300w\" sizes=\"auto, (max-width: 567px) 100vw, 567px\" \/>\n            \n        \n    <\/div>\n\n     [\/vc_column][\/vc_row][vc_row][vc_column width=&#8221;1\/2&#8243;]\n\n    <div id=\"img-69e43d60985eb\" class=\"li-image  center         vc_custom_1568900792755\" >\n\n        \n            \n                <a href=\"\"  ><img loading=\"lazy\" decoding=\"async\" width=\"567\" height=\"344\" src=\"https:\/\/manuts.com.br\/wp-content\/uploads\/2019\/09\/NR13.png\" class=\"img-responsive\" alt=\"\" srcset=\"https:\/\/manuts.com.br\/wp-content\/uploads\/2019\/09\/NR13.png 567w, https:\/\/manuts.com.br\/wp-content\/uploads\/2019\/09\/NR13-300x182.png 300w\" sizes=\"auto, (max-width: 567px) 100vw, 567px\" \/><\/a>\n\n            \n        \n    <\/div>\n\n     [\/vc_column][vc_column width=&#8221;1\/2&#8243;]\n\n    <div id=\"tb-69e43d60987d4\" class=\"li-textblock         \"  >\n        <h2><strong>Teste hidrost\u00e1tico NR 13<\/strong><\/h2>\n<p style=\"text-align: Justify;\">A Manut Servi\u00e7os realiza em suas instala\u00e7\u00f5es as inspe\u00e7\u00f5es e testes hidrost\u00e1ticos de reservat\u00f3rios de ar comprimido exig\u00eancias da norma NR13.<\/p>\n<p style=\"text-align: Justify;\">O teste hidrost\u00e1tico \u00e9 uma exig\u00eancia do minist\u00e9rio do trabalho normalizada pela&nbsp;<a href=\"http:\/\/trabalho.gov.br\/images\/Documentos\/SST\/NR\/NR13.pdf\">norma NR13<\/a>, e visa assegurar que a resist\u00eancia mec\u00e2nica dos componentes que operam sob press\u00e3o, estejam aptos a operar dentro da efetiva press\u00e3o de trabalho do sistema.<\/p>\n<p><strong>Nos Testes Hidrost\u00e1ticos s\u00e3o realizado os seguintes trabalhos:<\/strong><\/p>\n<ul>\n<li>Pressuriza\u00e7\u00e3o com \u00e1gua nos reservat\u00f3rios e ou tubula\u00e7\u00f5es com 1,5 vezes a press\u00e3o de trabalho.<\/li>\n<li>Verifica\u00e7\u00e3o de trincas, elasticidade e deforma\u00e7\u00e3o das chapas de a\u00e7o.<\/li>\n<li>Inspe\u00e7\u00e3o dos componentes, man\u00f4metros, v\u00e1lvulas de seguran\u00e7a e sistema de purga.<\/li>\n<li>Medi\u00e7\u00e3o das espessuras de chapa.<\/li>\n<li>Regulariza\u00e7\u00e3o dos procedimentos junto ao&nbsp;<a href=\"http:\/\/trabalho.gov.br\/delegacias\/mg\/default.asp\">DRT\/MG<\/a>&nbsp;e&nbsp;<a href=\"http:\/\/www.crea-mg.org.br\/\">CREA\/MG<\/a>.<\/li>\n<li>Emiss\u00e3o de laudo, prontu\u00e1rio e certificado de teste.<\/li>\n<li>Elabora\u00e7\u00e3o e fixa\u00e7\u00e3o de placas de identifica\u00e7\u00e3o do teste.<\/li>\n<\/ul>\n    <\/div>\n\n\n     [\/vc_column][\/vc_row]<\/p>\n<\/div>","protected":false},"excerpt":{"rendered":"<p>[vc_row][vc_column][\/vc_column][\/vc_row][vc_row][vc_column][\/vc_column][\/vc_row][vc_row][vc_column width=&#8221;1\/2&#8243;][\/vc_column][vc_column width=&#8221;1\/2&#8243;][\/vc_column][\/vc_row]<\/p>\n","protected":false},"author":1,"featured_media":0,"parent":0,"menu_order":0,"comment_status":"closed","ping_status":"closed","template":"","meta":{"_exactmetrics_skip_tracking":false,"_exactmetrics_sitenote_active":false,"_exactmetrics_sitenote_note":"","_exactmetrics_sitenote_category":0,"footnotes":""},"class_list":["post-133","page","type-page","status-publish","hentry"],"_links":{"self":[{"href":"https:\/\/manuts.com.br\/index.php\/wp-json\/wp\/v2\/pages\/133","targetHints":{"allow":["GET"]}}],"collection":[{"href":"https:\/\/manuts.com.br\/index.php\/wp-json\/wp\/v2\/pages"}],"about":[{"href":"https:\/\/manuts.com.br\/index.php\/wp-json\/wp\/v2\/types\/page"}],"author":[{"embeddable":true,"href":"https:\/\/manuts.com.br\/index.php\/wp-json\/wp\/v2\/users\/1"}],"replies":[{"embeddable":true,"href":"https:\/\/manuts.com.br\/index.php\/wp-json\/wp\/v2\/comments?post=133"}],"version-history":[{"count":5,"href":"https:\/\/manuts.com.br\/index.php\/wp-json\/wp\/v2\/pages\/133\/revisions"}],"predecessor-version":[{"id":271,"href":"https:\/\/manuts.com.br\/index.php\/wp-json\/wp\/v2\/pages\/133\/revisions\/271"}],"wp:attachment":[{"href":"https:\/\/manuts.com.br\/index.php\/wp-json\/wp\/v2\/media?parent=133"}],"curies":[{"name":"wp","href":"https:\/\/api.w.org\/{rel}","templated":true}]}}