{"id":143,"date":"2019-09-19T11:07:36","date_gmt":"2019-09-19T14:07:36","guid":{"rendered":"https:\/\/manuts.com.br\/?page_id=143"},"modified":"2019-10-18T15:10:09","modified_gmt":"2019-10-18T18:10:09","slug":"mini-carregadeira-e-mini-escavadeira","status":"publish","type":"page","link":"https:\/\/manuts.com.br\/index.php\/mini-carregadeira-e-mini-escavadeira\/","title":{"rendered":"MINI CARREGADEIRA E MINI ESCAVADEIRA"},"content":{"rendered":"<div class=\"wpb-content-wrapper\"><p>[vc_row css=&#8221;.vc_custom_1568902604767{margin-top: 60px !important;}&#8221;][vc_column]\n\n\n    <h2 id=\"hd-69e43d9aeddef\" class=\"li-heading  center fw-bold        \" style=\"color: #1e73be;\" >\n        MINI CARREGADEIRA E MINI ESCAVADEIRA        <small  class=\"fw-bold\">SERVI\u00c7OS DE MANUTEN\u00c7\u00c3O<\/small>    <\/h2>\n\n\n\n    [\/vc_column][\/vc_row][vc_row css=&#8221;.vc_custom_1568902693394{margin-top: -60px !important;}&#8221;][vc_column]\n\n\n    <h3 id=\"hd-69e43d9aede32\" class=\"li-heading  center fw-bold        \" style=\"color: #1e73be;\" >\n        Programe as manuten\u00e7\u00f5es preventivas de sua(s) m\u00e1quina(s) com a Manut Servi\u00e7os!        <small  class=\"fw-bold\">Programe as manuten\u00e7\u00f5es preventivas de sua(s) m\u00e1quina(s) com a Manut Servi\u00e7os!<\/small>    <\/h3>\n\n\n\n    [\/vc_column][\/vc_row][vc_row css=&#8221;.vc_custom_1568902593063{margin-top: -90px !important;}&#8221;][vc_column]\n\n    <div id=\"img-69e43d9aede51\" class=\"li-image  center        \" >\n\n        \n            \n                <img loading=\"lazy\" decoding=\"async\" width=\"400\" height=\"241\" src=\"https:\/\/manuts.com.br\/wp-content\/uploads\/2019\/09\/bob.png\" class=\"img-responsive\" alt=\"\" srcset=\"https:\/\/manuts.com.br\/wp-content\/uploads\/2019\/09\/bob.png 400w, https:\/\/manuts.com.br\/wp-content\/uploads\/2019\/09\/bob-300x181.png 300w\" sizes=\"auto, (max-width: 400px) 100vw, 400px\" \/>\n            \n        \n    <\/div>\n\n     \n\n    <div id=\"tb-69e43d9aee104\" class=\"li-textblock          vc_custom_1568902620751\"  >\n        <h3 style=\"text-align: jUSTIFY;\">A&nbsp;<strong>Manut Servi\u00e7os <\/strong>&nbsp;possui uma equipe de profissionais capacitados e especializados, para garantir longa vida \u00e0 sua m\u00e1quina, com confiabilidade e alta performance, combinando os melhores produtos com os melhores servi\u00e7os, atendendo as suas necessidades.<\/h3>\n    <\/div>\n\n\n     [\/vc_column][\/vc_row][vc_row][vc_column width=&#8221;1\/2&#8243;]\n\n    <div id=\"img-69e43d9aee16a\" class=\"li-image  center        \" >\n\n        \n            \n                <img loading=\"lazy\" decoding=\"async\" width=\"567\" height=\"412\" src=\"https:\/\/manuts.com.br\/wp-content\/uploads\/2019\/09\/implementos.png\" class=\"img-responsive\" alt=\"\" srcset=\"https:\/\/manuts.com.br\/wp-content\/uploads\/2019\/09\/implementos.png 567w, https:\/\/manuts.com.br\/wp-content\/uploads\/2019\/09\/implementos-300x218.png 300w\" sizes=\"auto, (max-width: 567px) 100vw, 567px\" \/>\n            \n        \n    <\/div>\n\n     [\/vc_column][vc_column width=&#8221;1\/2&#8243;]\n\n\n    <h3 id=\"hd-69e43d9aee3ce\" class=\"li-heading  center fw-bold         vc_custom_1568902810454\" style=\"color: #1e73be;\" >\n        Implementos de mini carregadeira e mini escavadeira        <small  class=\"fw-bold\">Realizamos  manuten\u00e7\u00e3o preventiva e corretivas em todos implementos de mini-carregadeira e mini-escavadeira.<\/small>    <\/h3>\n\n\n\n    [\/vc_column][\/vc_row][vc_row][vc_column width=&#8221;1\/2&#8243;]\n\n\n    <h3 id=\"hd-69e43d9aee3e6\" class=\"li-heading  center fw-bold         vc_custom_1568902899006\" style=\"color: #1e73be;\" >\n        Fechamento de cabine e instala\u00e7\u00e3o de ar condicionado ou climatizador.        <small  class=\"fw-bold\">Para melhorar a qualidade de trabalho dos operadoes a Manut Servi\u00e7o tem  uma equipe altamente qualificada para fechamento de cabine e instala\u00e7\u00e3o de ar condicionado ou climatizador.<\/small>    <\/h3>\n\n\n\n    [\/vc_column][vc_column width=&#8221;1\/2&#8243;]\n\n    <div id=\"img-69e43d9aee3f5\" class=\"li-image  center        \" >\n\n        \n            \n                <img loading=\"lazy\" decoding=\"async\" width=\"567\" height=\"425\" src=\"https:\/\/manuts.com.br\/wp-content\/uploads\/2019\/09\/carregadeira.png\" class=\"img-responsive\" alt=\"\" srcset=\"https:\/\/manuts.com.br\/wp-content\/uploads\/2019\/09\/carregadeira.png 567w, https:\/\/manuts.com.br\/wp-content\/uploads\/2019\/09\/carregadeira-300x225.png 300w\" sizes=\"auto, (max-width: 567px) 100vw, 567px\" \/>\n            \n        \n    <\/div>\n\n     [\/vc_column][\/vc_row][vc_row][vc_column width=&#8221;1\/3&#8243;]\n\n    <div id=\"img-69e43d9aee5e1\" class=\"li-image  center        \" >\n\n        \n            \n                <img loading=\"lazy\" decoding=\"async\" width=\"259\" height=\"194\" src=\"https:\/\/manuts.com.br\/wp-content\/uploads\/2019\/09\/mini_escavadeira.jpg\" class=\"img-responsive\" alt=\"\" \/>\n            \n        \n    <\/div>\n\n     [\/vc_column][vc_column width=&#8221;1\/3&#8243;]\n\n    <div id=\"img-69e43d9aee7de\" class=\"li-image          \" >\n\n        \n            \n                <img loading=\"lazy\" decoding=\"async\" width=\"567\" height=\"379\" src=\"https:\/\/manuts.com.br\/wp-content\/uploads\/2019\/09\/case.png\" class=\"img-responsive\" alt=\"\" srcset=\"https:\/\/manuts.com.br\/wp-content\/uploads\/2019\/09\/case.png 567w, https:\/\/manuts.com.br\/wp-content\/uploads\/2019\/09\/case-300x201.png 300w\" sizes=\"auto, (max-width: 567px) 100vw, 567px\" \/>\n            \n        \n    <\/div>\n\n     [\/vc_column][vc_column width=&#8221;1\/3&#8243;]\n\n    <div id=\"img-69e43d9aeea0a\" class=\"li-image          \" >\n\n        \n            \n                <img loading=\"lazy\" decoding=\"async\" width=\"640\" height=\"426\" src=\"https:\/\/manuts.com.br\/wp-content\/uploads\/2019\/09\/mini_carregadeira.jpg\" class=\"img-responsive\" alt=\"\" srcset=\"https:\/\/manuts.com.br\/wp-content\/uploads\/2019\/09\/mini_carregadeira.jpg 640w, https:\/\/manuts.com.br\/wp-content\/uploads\/2019\/09\/mini_carregadeira-300x200.jpg 300w\" sizes=\"auto, (max-width: 640px) 100vw, 640px\" \/>\n            \n        \n    <\/div>\n\n     [\/vc_column][\/vc_row]<\/p>\n<\/div>","protected":false},"excerpt":{"rendered":"<p>[vc_row css=&#8221;.vc_custom_1568902604767{margin-top: 60px !important;}&#8221;][vc_column][\/vc_column][\/vc_row][vc_row css=&#8221;.vc_custom_1568902693394{margin-top: -60px !important;}&#8221;][vc_column][\/vc_column][\/vc_row][vc_row css=&#8221;.vc_custom_1568902593063{margin-top: -90px !important;}&#8221;][vc_column][\/vc_column][\/vc_row][vc_row][vc_column width=&#8221;1\/2&#8243;][\/vc_column][vc_column width=&#8221;1\/2&#8243;][\/vc_column][\/vc_row][vc_row][vc_column width=&#8221;1\/2&#8243;][\/vc_column][vc_column width=&#8221;1\/2&#8243;][\/vc_column][\/vc_row][vc_row][vc_column width=&#8221;1\/3&#8243;][\/vc_column][vc_column width=&#8221;1\/3&#8243;][\/vc_column][vc_column width=&#8221;1\/3&#8243;][\/vc_column][\/vc_row]<\/p>\n","protected":false},"author":1,"featured_media":0,"parent":0,"menu_order":0,"comment_status":"closed","ping_status":"closed","template":"","meta":{"_exactmetrics_skip_tracking":false,"_exactmetrics_sitenote_active":false,"_exactmetrics_sitenote_note":"","_exactmetrics_sitenote_category":0,"footnotes":""},"class_list":["post-143","page","type-page","status-publish","hentry"],"_links":{"self":[{"href":"https:\/\/manuts.com.br\/index.php\/wp-json\/wp\/v2\/pages\/143","targetHints":{"allow":["GET"]}}],"collection":[{"href":"https:\/\/manuts.com.br\/index.php\/wp-json\/wp\/v2\/pages"}],"about":[{"href":"https:\/\/manuts.com.br\/index.php\/wp-json\/wp\/v2\/types\/page"}],"author":[{"embeddable":true,"href":"https:\/\/manuts.com.br\/index.php\/wp-json\/wp\/v2\/users\/1"}],"replies":[{"embeddable":true,"href":"https:\/\/manuts.com.br\/index.php\/wp-json\/wp\/v2\/comments?post=143"}],"version-history":[{"count":5,"href":"https:\/\/manuts.com.br\/index.php\/wp-json\/wp\/v2\/pages\/143\/revisions"}],"predecessor-version":[{"id":263,"href":"https:\/\/manuts.com.br\/index.php\/wp-json\/wp\/v2\/pages\/143\/revisions\/263"}],"wp:attachment":[{"href":"https:\/\/manuts.com.br\/index.php\/wp-json\/wp\/v2\/media?parent=143"}],"curies":[{"name":"wp","href":"https:\/\/api.w.org\/{rel}","templated":true}]}}