{"id":158,"date":"2019-09-19T11:40:27","date_gmt":"2019-09-19T14:40:27","guid":{"rendered":"https:\/\/manuts.com.br\/?page_id=158"},"modified":"2019-10-18T15:25:18","modified_gmt":"2019-10-18T18:25:18","slug":"empilhadeira-2","status":"publish","type":"page","link":"https:\/\/manuts.com.br\/index.php\/empilhadeira-2\/","title":{"rendered":"EMPILHADEIRA"},"content":{"rendered":"<div class=\"wpb-content-wrapper\"><p>[vc_row][vc_column]\n\n\n    <h2 id=\"hd-69e43bbf9bd97\" class=\"li-heading  center fw-bold         vc_custom_1571423028025\" style=\"color: #1e73be;\" >\n        EMPILHADEIRA        <small  class=\"fw-bold\">SERVI\u00c7OS DE MANUTEN\u00c7\u00c3O<\/small>    <\/h2>\n\n\n\n    [\/vc_column][\/vc_row][vc_row][vc_column]\n\n    <div id=\"tb-69e43bbf9bdba\" class=\"li-textblock          vc_custom_1568912656432\"  >\n        <h3 style=\"text-align: justify;\">A&nbsp;<strong>Manut Servi\u00e7os <\/strong>possui uma equipe de profissionais capacitados e especializados, para garantir longa vida \u00e0 sua m\u00e1quina, com confiabilidade e alta performance, combinando os melhores produtos com os melhores servi\u00e7os, atendendo as suas necessidades.<\/h3>\n    <\/div>\n\n\n     [\/vc_column][\/vc_row][vc_row css=&#8221;.vc_custom_1568912020721{margin-top: -60px !important;}&#8221;][vc_column]\n\n\n    <h3 id=\"hd-69e43bbf9be01\" class=\"li-heading  center fw-bold        \" style=\"color: #1e73be;\" >\n        Programe as manuten\u00e7\u00f5es preventivas de sua(s) m\u00e1quina(s) com a Manut Servi\u00e7os!        <small  class=\"fw-bold\">Voc\u00ea vai tirar o m\u00e1ximo da sua m\u00e1quina e o m\u00ednimo do seu bolso. Inteligente, \u00e9 ter mais lucro!<\/small>    <\/h3>\n\n\n\n    \n\n    <div id=\"img-69e43bbf9be12\" class=\"li-image  center         vc_custom_1568912307872\" >\n\n        \n            \n                <img loading=\"lazy\" decoding=\"async\" width=\"567\" height=\"325\" src=\"https:\/\/manuts.com.br\/wp-content\/uploads\/2019\/09\/empilhadeira_pag.png\" class=\"img-responsive\" alt=\"\" srcset=\"https:\/\/manuts.com.br\/wp-content\/uploads\/2019\/09\/empilhadeira_pag.png 567w, https:\/\/manuts.com.br\/wp-content\/uploads\/2019\/09\/empilhadeira_pag-300x172.png 300w\" sizes=\"auto, (max-width: 567px) 100vw, 567px\" \/>\n            \n        \n    <\/div>\n\n     [\/vc_column][\/vc_row][vc_row css=&#8221;.vc_custom_1568913018586{margin-top: -50px !important;}&#8221;][vc_column width=&#8221;1\/2&#8243;]\n\n\n    <h3 id=\"hd-69e43bbf9c066\" class=\"li-heading  center fw-bold        \" style=\"color: #1e73be;\" >\n        Instala\u00e7\u00e3o de GLP            <\/h3>\n\n\n\n    \n\n    <div id=\"img-69e43bbf9c075\" class=\"li-image  center         vc_custom_1568912805537\" >\n\n        \n            \n                <img loading=\"lazy\" decoding=\"async\" width=\"562\" height=\"313\" src=\"https:\/\/manuts.com.br\/wp-content\/uploads\/2019\/09\/empilhadeira_pag2.png\" class=\"img-responsive\" alt=\"\" srcset=\"https:\/\/manuts.com.br\/wp-content\/uploads\/2019\/09\/empilhadeira_pag2.png 562w, https:\/\/manuts.com.br\/wp-content\/uploads\/2019\/09\/empilhadeira_pag2-300x167.png 300w\" sizes=\"auto, (max-width: 562px) 100vw, 562px\" \/>\n            \n        \n    <\/div>\n\n     [\/vc_column][vc_column width=&#8221;1\/2&#8243;]\n\n\n    <h4 id=\"hd-69e43bbf9c29a\" class=\"li-heading  center fw-bold        \" style=\"color: #1e73be;\" >\n        Fechamento de cabine e instala\u00e7\u00e3o de ar condicionado ou climatizador.            <\/h4>\n\n\n\n    \n\n    <div id=\"img-69e43bbf9c2a9\" class=\"li-image  center         vc_custom_1568913001419\" >\n\n        \n            \n                <img loading=\"lazy\" decoding=\"async\" width=\"433\" height=\"315\" src=\"https:\/\/manuts.com.br\/wp-content\/uploads\/2019\/09\/empilhadeira_pag3.png\" class=\"img-responsive\" alt=\"\" srcset=\"https:\/\/manuts.com.br\/wp-content\/uploads\/2019\/09\/empilhadeira_pag3.png 433w, https:\/\/manuts.com.br\/wp-content\/uploads\/2019\/09\/empilhadeira_pag3-300x218.png 300w\" sizes=\"auto, (max-width: 433px) 100vw, 433px\" \/>\n            \n        \n    <\/div>\n\n     [\/vc_column][\/vc_row][vc_row][vc_column]\n\n\n    <h4 id=\"hd-69e43bbf9c4ba\" class=\"li-heading  center fw-bold         vc_custom_1568913083791\" style=\"color: #000000;\" >\n        Para melhorar a qualidade de trabalho dos operadoes a Manut Servi\u00e7o tem  uma equipe altamente qualificada para fechamento de cabine e instala\u00e7\u00e3o de ar condicionado ou climatizador.            <\/h4>\n\n\n\n    [\/vc_column][\/vc_row][vc_row][vc_column width=&#8221;1\/2&#8243;]\n\n    <div id=\"img-69e43bbf9c4c9\" class=\"li-image  center        \" >\n\n        \n            \n                <img loading=\"lazy\" decoding=\"async\" width=\"569\" height=\"425\" src=\"https:\/\/manuts.com.br\/wp-content\/uploads\/2019\/09\/empilhadeira_pag4.png\" class=\"img-responsive\" alt=\"\" srcset=\"https:\/\/manuts.com.br\/wp-content\/uploads\/2019\/09\/empilhadeira_pag4.png 569w, https:\/\/manuts.com.br\/wp-content\/uploads\/2019\/09\/empilhadeira_pag4-300x224.png 300w\" sizes=\"auto, (max-width: 569px) 100vw, 569px\" \/>\n            \n        \n    <\/div>\n\n     [\/vc_column][vc_column width=&#8221;1\/2&#8243;]\n\n\n    <h4 id=\"hd-69e43bbf9c6cc\" class=\"li-heading  center fw-bold         vc_custom_1568913175142\" style=\"color: #1e73be;\" >\n        Rebaixamento de torre            <\/h4>\n\n\n\n    \n\n    <div id=\"tb-69e43bbf9c6d9\" class=\"li-textblock         \"  >\n        <h3 style=\"text-align: Justify;\">Para atender a necessidade dos nosso cliente temos m\u00e3o de obra especializada para rebaixamento da torre para que a empilhadeira possa trabalha em altura abaixo de 1,80 m garantido que o cliente final seja atendido.<\/h3>\n    <\/div>\n\n\n     [\/vc_column][\/vc_row]<\/p>\n<\/div>","protected":false},"excerpt":{"rendered":"<p>[vc_row][vc_column][\/vc_column][\/vc_row][vc_row][vc_column][\/vc_column][\/vc_row][vc_row css=&#8221;.vc_custom_1568912020721{margin-top: -60px !important;}&#8221;][vc_column][\/vc_column][\/vc_row][vc_row css=&#8221;.vc_custom_1568913018586{margin-top: -50px !important;}&#8221;][vc_column width=&#8221;1\/2&#8243;][\/vc_column][vc_column width=&#8221;1\/2&#8243;][\/vc_column][\/vc_row][vc_row][vc_column][\/vc_column][\/vc_row][vc_row][vc_column width=&#8221;1\/2&#8243;][\/vc_column][vc_column width=&#8221;1\/2&#8243;][\/vc_column][\/vc_row]<\/p>\n","protected":false},"author":1,"featured_media":0,"parent":0,"menu_order":0,"comment_status":"closed","ping_status":"closed","template":"","meta":{"_exactmetrics_skip_tracking":false,"_exactmetrics_sitenote_active":false,"_exactmetrics_sitenote_note":"","_exactmetrics_sitenote_category":0,"footnotes":""},"class_list":["post-158","page","type-page","status-publish","hentry"],"_links":{"self":[{"href":"https:\/\/manuts.com.br\/index.php\/wp-json\/wp\/v2\/pages\/158","targetHints":{"allow":["GET"]}}],"collection":[{"href":"https:\/\/manuts.com.br\/index.php\/wp-json\/wp\/v2\/pages"}],"about":[{"href":"https:\/\/manuts.com.br\/index.php\/wp-json\/wp\/v2\/types\/page"}],"author":[{"embeddable":true,"href":"https:\/\/manuts.com.br\/index.php\/wp-json\/wp\/v2\/users\/1"}],"replies":[{"embeddable":true,"href":"https:\/\/manuts.com.br\/index.php\/wp-json\/wp\/v2\/comments?post=158"}],"version-history":[{"count":7,"href":"https:\/\/manuts.com.br\/index.php\/wp-json\/wp\/v2\/pages\/158\/revisions"}],"predecessor-version":[{"id":264,"href":"https:\/\/manuts.com.br\/index.php\/wp-json\/wp\/v2\/pages\/158\/revisions\/264"}],"wp:attachment":[{"href":"https:\/\/manuts.com.br\/index.php\/wp-json\/wp\/v2\/media?parent=158"}],"curies":[{"name":"wp","href":"https:\/\/api.w.org\/{rel}","templated":true}]}}