{"id":176,"date":"2019-09-19T14:20:01","date_gmt":"2019-09-19T17:20:01","guid":{"rendered":"https:\/\/manuts.com.br\/?page_id=176"},"modified":"2019-10-18T15:24:45","modified_gmt":"2019-10-18T18:24:45","slug":"sobre-nos","status":"publish","type":"page","link":"https:\/\/manuts.com.br\/index.php\/sobre-nos\/","title":{"rendered":"Sobre n\u00f3s"},"content":{"rendered":"<div class=\"wpb-content-wrapper\"><p>[vc_row][vc_column]\n\n\n    <h2 id=\"hd-69e43bafc005e\" class=\"li-heading  left fw-bold         vc_custom_1568913861967\" style=\"color: #1e73be;\" >\n        SOBRE N\u00d3S            <\/h2>\n\n\n\n    \n\n    <div id=\"img-69e43bafc0088\" class=\"li-image  center        \" >\n\n        \n            \n                <img loading=\"lazy\" decoding=\"async\" width=\"640\" height=\"427\" src=\"https:\/\/manuts.com.br\/wp-content\/uploads\/2019\/05\/14331-1024x683.jpg\" class=\"img-responsive\" alt=\"\" srcset=\"https:\/\/manuts.com.br\/wp-content\/uploads\/2019\/05\/14331-1024x683.jpg 1024w, https:\/\/manuts.com.br\/wp-content\/uploads\/2019\/05\/14331-300x200.jpg 300w, https:\/\/manuts.com.br\/wp-content\/uploads\/2019\/05\/14331-768x512.jpg 768w\" sizes=\"auto, (max-width: 640px) 100vw, 640px\" \/>\n            \n        \n    <\/div>\n\n     [\/vc_column][\/vc_row][vc_row][vc_column]\n\n    <div id=\"tb-69e43bafc0327\" class=\"li-textblock          vc_custom_1568913849514\"  >\n        <h3 style=\"text-align: Justify;\"><strong>Fundada em 2013, a Manut Servi\u00e7os &nbsp;\u00e9 uma empresa brasileira especializada em solu\u00e7\u00f5es completas em equipamentos&nbsp; diversos, tais como grupo motor gerador, mini \u2013 carregadeira e mini escavadeira, torre de ilumina\u00e7\u00e3o e equipamento para constru\u00e7\u00e3o civil, minera\u00e7\u00e3o e siderurgia.<\/strong><\/h3>\n<h3 style=\"text-align: Justify;\"><strong>Atendendo em todo territ\u00f3rio nacional, a Manut Servi\u00e7os vem promovendo &nbsp;solu\u00e7\u00e3o para seus clientes, deste de altera\u00e7\u00f5es em equipamentos para atender a necessidade de seus clientes, realiza\u00e7\u00e3o de manuten\u00e7\u00f5es preventiva, preditiva e corretiva e tamb\u00e9m de acompanhamento de t\u00e9cnicos em loco para acompanhar equipamentos diversos, em 2017 a Manut Servi\u00e7os come\u00e7ou a atuar no segmento de eventos acompanhando grupo motor gerador em todo territ\u00f3rio nacional.<\/strong><\/h3>\n<h3 style=\"text-align: Justify;\"><strong>Focada em solu\u00e7\u00f5es que agreguem valor aos nossos clientes e respeitando o meio ambiente, a Manut Servi\u00e7os tem uma equipe altamente treinada e capacidade composta por engenheiros e t\u00e9cnicos.<\/strong><\/h3>\n    <\/div>\n\n\n     [\/vc_column][\/vc_row][vc_row][vc_column]\n\n    <div class=\"li-tabs\">\n\n        <!-- Nav tabs -->\n        <ul class=\"nav nav-tabs\" role=\"tablist\">\n             <li role=\"presentation\" class=\"active\"><a href=\"#custom-tab-0-52223936c7464fa7e3a3f3782301632a\" role=\"tab\" data-toggle=\"tab\">MISS\u00c3O<\/a><\/li> <li role=\"presentation\" class=\"\"><a href=\"#custom-tab-0-bffa08c61de819eb76983f74b99b0a9b\" role=\"tab\" data-toggle=\"tab\">VIS\u00c3O<\/a><\/li> <li role=\"presentation\" class=\"\"><a href=\"#custom-tab-0-6d32266d59615f7366ac2cf2739da874\" role=\"tab\" data-toggle=\"tab\">VALORES:<\/a><\/li>        <\/ul>\n\n        <!-- Tab panes -->\n        <div class=\"tab-content\">\n            \n\n    <div role=\"tabpanel\" class=\"tab-pane active\" id=\"custom-tab-0-52223936c7464fa7e3a3f3782301632a\">\n        <\/p>\n<h3 style=\"text-align: Justify;\">Oferecer solu\u00e7\u00f5es para nossos clientes na manuten\u00e7\u00e3o de m\u00e1quinas no segmento de constru\u00e7\u00e3o civil, siderurgia e minera\u00e7\u00e3o, com inova\u00e7\u00e3o, efici\u00eancia, e sustentabilidade, que possam agregar valores, e simplificar o dia a dia dos nossos clientes.<\/h3>\n<p>    <\/div>\n\n\n    \n\n    <div role=\"tabpanel\" class=\"tab-pane fade\" id=\"custom-tab-0-bffa08c61de819eb76983f74b99b0a9b\">\n        <\/p>\n<h3 style=\"text-align: jUSTIFY;\">Atrav\u00e9s da satisfa\u00e7\u00e3o dos nossos clientes, ser uma empresa reconhecida como especialista e ser referencia em oferecer solu\u00e7\u00f5es para a manuten\u00e7\u00e3o de Grupo Motor gerador, m\u00e1quinas no segmento de constru\u00e7\u00e3o civil, siderurgia e minera\u00e7\u00e3o.<\/h3>\n<p>    <\/div>\n\n\n    \n\n    <div role=\"tabpanel\" class=\"tab-pane fade\" id=\"custom-tab-0-6d32266d59615f7366ac2cf2739da874\">\n        <\/p>\n<h3>Sa\u00fade: seguran\u00e7a no meio de trabalho<\/h3>\n<h3>Transpar\u00eancia: agir com integridade na administra\u00e7\u00e3o e negocia\u00e7\u00f5es<\/h3>\n<h3>Excel\u00eancia: oferecer produtos e servi\u00e7os com qualidade.<\/h3>\n<h3>Pessoas: Valorizar e respeitar clientes e colaboradores.<\/h3>\n<h3>Resultado: Garantir a satisfa\u00e7\u00e3o de nossos clientes internos e externos atrav\u00e9s de um trabalho em equipe.<\/h3>\n<p>    <\/div>\n\n\n            <\/div>\n\n    <\/div>\n\n\n    [\/vc_column][\/vc_row]<\/p>\n<\/div>","protected":false},"excerpt":{"rendered":"<p>[vc_row][vc_column][\/vc_column][\/vc_row][vc_row][vc_column][\/vc_column][\/vc_row][vc_row][vc_column][\/vc_column][\/vc_row]<\/p>\n","protected":false},"author":1,"featured_media":0,"parent":0,"menu_order":0,"comment_status":"closed","ping_status":"closed","template":"","meta":{"_exactmetrics_skip_tracking":false,"_exactmetrics_sitenote_active":false,"_exactmetrics_sitenote_note":"","_exactmetrics_sitenote_category":0,"footnotes":""},"class_list":["post-176","page","type-page","status-publish","hentry"],"_links":{"self":[{"href":"https:\/\/manuts.com.br\/index.php\/wp-json\/wp\/v2\/pages\/176","targetHints":{"allow":["GET"]}}],"collection":[{"href":"https:\/\/manuts.com.br\/index.php\/wp-json\/wp\/v2\/pages"}],"about":[{"href":"https:\/\/manuts.com.br\/index.php\/wp-json\/wp\/v2\/types\/page"}],"author":[{"embeddable":true,"href":"https:\/\/manuts.com.br\/index.php\/wp-json\/wp\/v2\/users\/1"}],"replies":[{"embeddable":true,"href":"https:\/\/manuts.com.br\/index.php\/wp-json\/wp\/v2\/comments?post=176"}],"version-history":[{"count":9,"href":"https:\/\/manuts.com.br\/index.php\/wp-json\/wp\/v2\/pages\/176\/revisions"}],"predecessor-version":[{"id":265,"href":"https:\/\/manuts.com.br\/index.php\/wp-json\/wp\/v2\/pages\/176\/revisions\/265"}],"wp:attachment":[{"href":"https:\/\/manuts.com.br\/index.php\/wp-json\/wp\/v2\/media?parent=176"}],"curies":[{"name":"wp","href":"https:\/\/api.w.org\/{rel}","templated":true}]}}