{"id":2,"date":"2016-07-26T03:53:25","date_gmt":"2016-07-26T03:53:25","guid":{"rendered":"https:\/\/leadinjection.io\/seo-service\/?page_id=2"},"modified":"2026-03-26T15:47:22","modified_gmt":"2026-03-26T18:47:22","slug":"seo-service","status":"publish","type":"page","link":"https:\/\/manuts.com.br\/","title":{"rendered":"HOME"},"content":{"rendered":"<div class=\"wpb-content-wrapper\"><p>[vc_row full_width=&#8221;stretch_row_content&#8221; css=&#8221;.vc_custom_1470941964046{background-color: #f1f0f0 !important;}&#8221;][vc_column][rev_slider_vc alias=&#8221;vertical_fullwidth&#8221;][\/vc_column][\/vc_row][vc_row css=&#8221;.vc_custom_1597406272682{margin-top: -60px !important;}&#8221;][vc_column width=&#8221;1\/2&#8243;]\n\n    <div id=\"img-69df98ad8509e\" class=\"li-image           vc_custom_1774471255958\" >\n\n        \n            \n                <img loading=\"lazy\" decoding=\"async\" width=\"5040\" height=\"3360\" src=\"https:\/\/manuts.com.br\/wp-content\/uploads\/2019\/05\/14331.jpg\" class=\"img-responsive\" alt=\"\" srcset=\"https:\/\/manuts.com.br\/wp-content\/uploads\/2019\/05\/14331.jpg 5040w, https:\/\/manuts.com.br\/wp-content\/uploads\/2019\/05\/14331-300x200.jpg 300w, https:\/\/manuts.com.br\/wp-content\/uploads\/2019\/05\/14331-768x512.jpg 768w, https:\/\/manuts.com.br\/wp-content\/uploads\/2019\/05\/14331-1024x683.jpg 1024w\" sizes=\"auto, (max-width: 5040px) 100vw, 5040px\" \/>\n            \n        \n    <\/div>\n\n     [\/vc_column][vc_column width=&#8221;1\/2&#8243;]\n\n\n    <h3 id=\"hd-69df98ad85370\" class=\"li-heading  left fw-normal         vc_custom_1774471217730\" style=\"color: #1E73BE;\" >\n        Manut Servi\u00e7os            <\/h3>\n\n\n\n    \n\n    <div id=\"tb-69df98ad8538c\" class=\"li-textblock          vc_custom_1774471166837\"  >\n        <p style=\"text-align: justify;\">Fundada em 2013, a Manut Servi\u00e7os \u00e9 uma empresa brasileira especializada em solu\u00e7\u00f5es completas em equipamentos diversos, tais como grupo motor gerador, mini \u2013 carregadeira e mini escavadeira, torre de ilumina\u00e7\u00e3o e equipamento para constru\u00e7\u00e3o civil, minera\u00e7\u00e3o e siderurgia.<\/p>\n<p style=\"text-align: justify;\">Atendendo em todo territ\u00f3rio nacional, a Manut Servi\u00e7os vem promovendo solu\u00e7\u00e3o para seus clientes, deste de altera\u00e7\u00f5es em equipamentos para atender a necessidade de seus clientes, realiza\u00e7\u00e3o de manuten\u00e7\u00f5es preventiva, preditiva e corretiva e tamb\u00e9m de acompanhamento de t\u00e9cnicos em loco para acompanhar equipamentos diversos, em 2017 a Manut Servi\u00e7os come\u00e7ou a atuar no segmento de eventos acompanhando grupo motor gerador em todo territ\u00f3rio nacional.<\/p>\n<p style=\"text-align: Justify;\">Focada em solu\u00e7\u00f5es que agreguem valor aos nossos clientes e respeitando o meio ambiente, a Manut Servi\u00e7os tem uma equipe altamente treinada e capacidade composta por engenheiros e t\u00e9cnicos.<\/p>\n    <\/div>\n\n\n     [\/vc_column][\/vc_row][vc_row full_width=&#8221;stretch_row_content&#8221; css=&#8221;.vc_custom_1774471656991{margin-top: -60px !important;}&#8221;][vc_column width=&#8221;1\/3&#8243; css=&#8221;.vc_custom_1774473147385{padding-top: 50px !important;padding-bottom: 93px !important;background-color: #1E73BE !important;}&#8221;]\n\n\n    <h3 id=\"hd-69df98ad8541a\" class=\"li-heading  left fw-bold        \" style=\"color: #FFFFFF;\" >\n        NOSSA MISS\u00c3O            <\/h3>\n\n\n\n    \n\n    <div id=\"tb-69df98ad8542e\" class=\"li-textblock          vc_custom_1774473118131\"  >\n        <h3 style=\"text-align: justify; color: white;\"><strong>Oferecer produtos, servi\u00e7os e solu\u00e7\u00f5es adequadas \u00e0s necessidades dos nossos Clientes, com transpar\u00eancia, conduta \u00e9tica e profissionalismo em todas as a\u00e7\u00f5es, respeitando a sociedade e o meio ambiente, proporcionando assim, a perenidade do nosso neg\u00f3cio.<\/strong><\/h3>\n    <\/div>\n\n\n     [\/vc_column][vc_column width=&#8221;1\/3&#8243; css=&#8221;.vc_custom_1774473166634{padding-top: 50px !important;padding-bottom: 93px !important;background-color: #000000 !important;}&#8221;]\n\n\n    <h3 id=\"hd-69df98ad85492\" class=\"li-heading  left fw-bold        \" style=\"color: #FFFFFF;\" >\n        NOSSA VIS\u00c3O            <\/h3>\n\n\n\n    \n\n    <div id=\"tb-69df98ad854a4\" class=\"li-textblock          vc_custom_1774473156624\"  >\n        <h3 style=\"text-align: justify; color: white;\">Estar entre as melhores empresas do nosso segmento de atua\u00e7\u00e3o, sendo reconhecida como refer\u00eancia pelos nossos Clientes e Colaboradores, fornecendo produtos e servi\u00e7os de excel\u00eancia, gerando empregos e contribuindo para o progresso da ind\u00fastria nacional e da nossa sociedade.<\/h3>\n    <\/div>\n\n\n     [\/vc_column][vc_column width=&#8221;1\/3&#8243; css=&#8221;.vc_custom_1774472386477{padding-top: 50px !important;padding-bottom: 50px !important;background-color: #08A772 !important;}&#8221;]\n\n\n    <h3 id=\"hd-69df98ad854fc\" class=\"li-heading  left fw-bold        \" style=\"color: #FFFFFF;\" >\n        NOSSOS VALORES            <\/h3>\n\n\n\n    \n\n    <div id=\"tb-69df98ad8550f\" class=\"li-textblock          vc_custom_1774473052716\" style=\"color: #FFFFFF;\" >\n        <ul class=\"mvv__list\">\n<li>\n<h5>Humildade<\/h5>\n<\/li>\n<li>\n<h5>Confiabilidade<\/h5>\n<\/li>\n<li>\n<h5>Respeito<\/h5>\n<\/li>\n<li>\n<h5>Comprometimento<\/h5>\n<\/li>\n<li>\n<h5>Praticidade<\/h5>\n<\/li>\n<li>\n<h5>Compet\u00eancia<\/h5>\n<\/li>\n<li>\n<h5>Desenvolvimento Constante<\/h5>\n<\/li>\n<li>\n<h5>Respeito a vida<\/h5>\n<\/li>\n<\/ul>\n    <\/div>\n\n\n     [\/vc_column][\/vc_row][vc_row css=&#8221;.vc_custom_1597406272682{margin-top: -60px !important;}&#8221;][vc_column]\n\n\n    <h3 id=\"hd-69df98ad85621\" class=\"li-heading  center fw-normal        \" style=\"color: #000000;\" >\n        Chamado do plant\u00e3o dever\u00e1 ser feito atrav\u00e9s do Whats (31) 99798-5142        <small style=\"color: #000000;\" class=\"fw-bold\">Plant\u00e3o de segunda a sexta-feira das 18:00 as 08:00, s\u00e1bado domingo e feriados<\/small>    <\/h3>\n\n\n\n    \n\n\n    <h6 id=\"hd-69df98ad85649\" class=\"li-heading  center fw-bold        \" style=\"color: #000000;\" >\n        Plant\u00e3o 24 hs por dia 7 dias por semana            <\/h6>\n\n\n\n    [\/vc_column][\/vc_row][vc_row css=&#8221;.vc_custom_1569351596655{margin-top: -110px !important;}&#8221;][vc_column width=&#8221;1\/3&#8243; align_sm=&#8221;content-center-sm&#8221; animation=&#8221;none&#8221; css=&#8221;.vc_custom_1774550004029{border-radius: 10px !important;border-color: #5A5555 !important;}&#8221;]\n\n    <div id=\"img-69df98ad8565c\" class=\"li-image           vc_custom_1469506631787\" >\n\n        \n            \n                \n            \n        \n    <\/div>\n\n     \n\n    <div id=\"img-69df98ad858ac\" class=\"li-image  center        \" >\n\n        \n            \n                <img loading=\"lazy\" decoding=\"async\" width=\"150\" height=\"150\" src=\"https:\/\/manuts.com.br\/wp-content\/uploads\/2026\/03\/manutencao-grupos-geradores-150x150.png\" class=\"img-responsive\" alt=\"\" srcset=\"https:\/\/manuts.com.br\/wp-content\/uploads\/2026\/03\/manutencao-grupos-geradores-150x150.png 150w, https:\/\/manuts.com.br\/wp-content\/uploads\/2026\/03\/manutencao-grupos-geradores-300x300.png 300w, https:\/\/manuts.com.br\/wp-content\/uploads\/2026\/03\/manutencao-grupos-geradores-261x261.png 261w, https:\/\/manuts.com.br\/wp-content\/uploads\/2026\/03\/manutencao-grupos-geradores.png 512w\" sizes=\"auto, (max-width: 150px) 100vw, 150px\" \/>\n            \n        \n    <\/div>\n\n     \n\n\n    <h5 id=\"hd-69df98ad85c53\" class=\"li-heading  center fw-bold   content-center-sm      vc_custom_1625592176286\" style=\"color: #4fbcb6;\" >\n        MANUTEN\u00c7\u00c3O DE GRUPOS GERADORES        <small style=\"color: #33495f;\" class=\"fw-light\">REFORMA, AUTOMA\u00c7\u00c3O E LOCA\u00c7\u00c3O DE GRUPOS GERADORES<\/small>    <\/h5>\n\n\n\n    \n\n    <div id=\"img-69df98ad85c71\" class=\"li-image  center         vc_custom_1774550280744\" >\n\n        \n            \n                <img loading=\"lazy\" decoding=\"async\" width=\"150\" height=\"150\" src=\"https:\/\/manuts.com.br\/wp-content\/uploads\/2026\/03\/torre-iluminacao-150x150.png\" class=\"img-responsive\" alt=\"\" srcset=\"https:\/\/manuts.com.br\/wp-content\/uploads\/2026\/03\/torre-iluminacao-150x150.png 150w, https:\/\/manuts.com.br\/wp-content\/uploads\/2026\/03\/torre-iluminacao-300x300.png 300w, https:\/\/manuts.com.br\/wp-content\/uploads\/2026\/03\/torre-iluminacao-261x261.png 261w, https:\/\/manuts.com.br\/wp-content\/uploads\/2026\/03\/torre-iluminacao.png 512w\" sizes=\"auto, (max-width: 150px) 100vw, 150px\" \/>\n            \n        \n    <\/div>\n\n     \n\n\n    <h5 id=\"hd-69df98ad85f2a\" class=\"li-heading  center fw-bold   content-center-sm      vc_custom_1625592241970\" style=\"color: #4fbcb6;\" >\n        TORRE DE ILUMINA\u00c7\u00c3O        <small style=\"color: #33495f;\" class=\"fw-light\">SERVI\u00c7OS DE MANUTEN\u00c7\u00c3O E LOCA\u00c7\u00c3O<\/small>    <\/h5>\n\n\n\n    [\/vc_column][vc_column width=&#8221;1\/3&#8243; align_sm=&#8221;content-center-sm&#8221; animation=&#8221;none&#8221;]\n\n    <div id=\"img-69df98ad85f47\" class=\"li-image           vc_custom_1469506724627\" >\n\n        \n            \n                \n            \n        \n    <\/div>\n\n     \n\n    <div id=\"img-69df98ad86176\" class=\"li-image  center         vc_custom_1774550509646\" >\n\n        \n            \n                <img loading=\"lazy\" decoding=\"async\" width=\"150\" height=\"150\" src=\"https:\/\/manuts.com.br\/wp-content\/uploads\/2026\/03\/manutencao-compressores-150x150.png\" class=\"img-responsive\" alt=\"\" srcset=\"https:\/\/manuts.com.br\/wp-content\/uploads\/2026\/03\/manutencao-compressores-150x150.png 150w, https:\/\/manuts.com.br\/wp-content\/uploads\/2026\/03\/manutencao-compressores-300x300.png 300w, https:\/\/manuts.com.br\/wp-content\/uploads\/2026\/03\/manutencao-compressores-261x261.png 261w, https:\/\/manuts.com.br\/wp-content\/uploads\/2026\/03\/manutencao-compressores.png 512w\" sizes=\"auto, (max-width: 150px) 100vw, 150px\" \/>\n            \n        \n    <\/div>\n\n     \n\n\n    <h5 id=\"hd-69df98ad863e3\" class=\"li-heading  center fw-bold   content-center-sm      vc_custom_1625592223378\" style=\"color: #4fbcb6;\" >\n        MANUTEN\u00c7\u00c3O DE COMPRESSORES        <small style=\"color: #33495f;\" class=\"fw-light\">TESTE HIDROST\u00c1TICO NR 13 E LOCA\u00c7\u00c3O<\/small>    <\/h5>\n\n\n\n    \n\n    <div id=\"img-69df98ad863ff\" class=\"li-image  center         vc_custom_1774550518206\" >\n\n        \n            \n                <img loading=\"lazy\" decoding=\"async\" width=\"150\" height=\"150\" src=\"https:\/\/manuts.com.br\/wp-content\/uploads\/2026\/03\/empilhadeira-150x150.png\" class=\"img-responsive\" alt=\"\" srcset=\"https:\/\/manuts.com.br\/wp-content\/uploads\/2026\/03\/empilhadeira-150x150.png 150w, https:\/\/manuts.com.br\/wp-content\/uploads\/2026\/03\/empilhadeira-300x300.png 300w, https:\/\/manuts.com.br\/wp-content\/uploads\/2026\/03\/empilhadeira-261x261.png 261w, https:\/\/manuts.com.br\/wp-content\/uploads\/2026\/03\/empilhadeira.png 512w\" sizes=\"auto, (max-width: 150px) 100vw, 150px\" \/>\n            \n        \n    <\/div>\n\n     \n\n\n    <h5 id=\"hd-69df98ad8666b\" class=\"li-heading  center fw-bold   content-center-sm      vc_custom_1774550314014\" style=\"color: #4fbcb6;\" >\n        EMPILHADEIRA        <small style=\"color: #33495f;\" class=\"fw-light\">SERVI\u00c7OS DE MANUTEN\u00c7\u00c3O E LOCA\u00c7\u00c3O<\/small>    <\/h5>\n\n\n\n    [\/vc_column][vc_column width=&#8221;1\/3&#8243; align_sm=&#8221;content-center-sm&#8221; animation=&#8221;none&#8221;]\n\n    <div id=\"img-69df98ad86691\" class=\"li-image           vc_custom_1469509710585\" >\n\n        \n            \n                \n            \n        \n    <\/div>\n\n     \n\n    <div id=\"img-69df98ad868ad\" class=\"li-image  center         vc_custom_1774550259161\" >\n\n        \n            \n                <img loading=\"lazy\" decoding=\"async\" width=\"150\" height=\"150\" src=\"https:\/\/manuts.com.br\/wp-content\/uploads\/2026\/03\/mini-carregadeira-mini-escavadeira-150x150.png\" class=\"img-responsive\" alt=\"\" srcset=\"https:\/\/manuts.com.br\/wp-content\/uploads\/2026\/03\/mini-carregadeira-mini-escavadeira-150x150.png 150w, https:\/\/manuts.com.br\/wp-content\/uploads\/2026\/03\/mini-carregadeira-mini-escavadeira-300x300.png 300w, https:\/\/manuts.com.br\/wp-content\/uploads\/2026\/03\/mini-carregadeira-mini-escavadeira-261x261.png 261w, https:\/\/manuts.com.br\/wp-content\/uploads\/2026\/03\/mini-carregadeira-mini-escavadeira.png 512w\" sizes=\"auto, (max-width: 150px) 100vw, 150px\" \/>\n            \n        \n    <\/div>\n\n     \n\n\n    <h5 id=\"hd-69df98ad86b14\" class=\"li-heading  center fw-bold   content-center-sm      vc_custom_1625592233114\" style=\"color: #4fbcb6;\" >\n        MINI CARREGADEIRA E MINI ESCAVADEIRA        <small style=\"color: #33495f;\" class=\"fw-light\">SERVI\u00c7OS DE MANUTEN\u00c7\u00c3O E LOCA\u00c7\u00c3O<\/small>    <\/h5>\n\n\n\n    \n\n    <div id=\"img-69df98ad86b30\" class=\"li-image  center         vc_custom_1774550546509\" >\n\n        \n            \n                <img loading=\"lazy\" decoding=\"async\" width=\"150\" height=\"150\" src=\"https:\/\/manuts.com.br\/wp-content\/uploads\/2026\/03\/plataforma-elevatoria-150x150.png\" class=\"img-responsive\" alt=\"\" srcset=\"https:\/\/manuts.com.br\/wp-content\/uploads\/2026\/03\/plataforma-elevatoria-150x150.png 150w, https:\/\/manuts.com.br\/wp-content\/uploads\/2026\/03\/plataforma-elevatoria-300x300.png 300w, https:\/\/manuts.com.br\/wp-content\/uploads\/2026\/03\/plataforma-elevatoria-261x261.png 261w, https:\/\/manuts.com.br\/wp-content\/uploads\/2026\/03\/plataforma-elevatoria.png 512w\" sizes=\"auto, (max-width: 150px) 100vw, 150px\" \/>\n            \n        \n    <\/div>\n\n     \n\n\n    <h5 id=\"hd-69df98ad86dba\" class=\"li-heading  center fw-bold   content-center-sm      vc_custom_1774550559562\" style=\"color: #4fbcb6;\" >\n        PLATAFORMA ELEVAT\u00d3RIA        <small style=\"color: #33495f;\" class=\"fw-light\">SERVI\u00c7OS DE MANUTEN\u00c7\u00c3O E LOCA\u00c7\u00c3O<\/small>    <\/h5>\n\n\n\n    [\/vc_column][\/vc_row][vc_row css=&#8221;.vc_custom_1571419469040{margin-top: -30px !important;}&#8221;][vc_column width=&#8221;1\/4&#8243;]\n\n    <div id=\"img-69df98ad86dd5\" class=\"li-image          \" >\n\n        \n            \n                <img loading=\"lazy\" decoding=\"async\" width=\"300\" height=\"265\" src=\"https:\/\/manuts.com.br\/wp-content\/uploads\/2019\/10\/PRODUTOS-300x265.png\" class=\"img-responsive\" alt=\"\" srcset=\"https:\/\/manuts.com.br\/wp-content\/uploads\/2019\/10\/PRODUTOS-300x265.png 300w, https:\/\/manuts.com.br\/wp-content\/uploads\/2019\/10\/PRODUTOS.png 528w\" sizes=\"auto, (max-width: 300px) 100vw, 300px\" \/>\n            \n        \n    <\/div>\n\n     [\/vc_column][vc_column width=&#8221;3\/4&#8243;]\n\n\n    <h5 id=\"hd-69df98ad87057\" class=\"li-heading  center fw-bold   content-center-sm      vc_custom_1625592270608\" style=\"color: #4fbcb6;\" >\n        EQUIPAMENTO PARA CONSTRU\u00c7\u00c3O CIVIL        <small style=\"color: #33495f;\" class=\"fw-light\">SERVI\u00c7OS DE MANUTEN\u00c7\u00c3O E LOCA\u00c7\u00c3O<\/small>    <\/h5>\n\n\n\n    \n\n    <div id=\"tb-69df98ad87070\" class=\"li-textblock          vc_custom_1571419589009\"  >\n        <h3 style=\"text-align: Justify;\">Com uma equipe t\u00e9cnica qualificada, oferecemos servi\u00e7os de manuten\u00e7\u00e3o em toda linha de equipamentos para constru\u00e7\u00e3o. Com garantia, agilidade e qualidade.<\/h3>\n    <\/div>\n\n\n     <div class=\"btn-wrapper center  vc_custom_1774550840369\"><a href=\"https:\/\/wp.faleconosco.chat\/03f6536d4\" title=\"Equipamento Para Constru\u00e7\u00e3o Civil\"  class=\"btn  btn-md btn-blue btn-3d\" id=\"btn-69df98ad870ca\">Saiba mais<\/a><\/div>[\/vc_column][\/vc_row][vc_row css=&#8221;.vc_custom_1774550783954{margin-top: 0px !important;margin-bottom: -500px !important;}&#8221;][vc_column]\n\n    <div id=\"img-69df98ad87106\" class=\"li-image  center        \" >\n\n        \n            \n                <img loading=\"lazy\" decoding=\"async\" width=\"640\" height=\"152\" src=\"https:\/\/manuts.com.br\/wp-content\/uploads\/2020\/08\/logos-1024x243.png\" class=\"img-responsive\" alt=\"\" srcset=\"https:\/\/manuts.com.br\/wp-content\/uploads\/2020\/08\/logos-1024x243.png 1024w, https:\/\/manuts.com.br\/wp-content\/uploads\/2020\/08\/logos-300x71.png 300w, https:\/\/manuts.com.br\/wp-content\/uploads\/2020\/08\/logos-768x182.png 768w, https:\/\/manuts.com.br\/wp-content\/uploads\/2020\/08\/logos-1536x365.png 1536w, https:\/\/manuts.com.br\/wp-content\/uploads\/2020\/08\/logos.png 1996w\" sizes=\"auto, (max-width: 640px) 100vw, 640px\" \/>\n            \n        \n    <\/div>\n\n     [vc_separator color=&#8221;turquoise&#8221;][\/vc_column][\/vc_row]<\/p>\n<\/div>","protected":false},"excerpt":{"rendered":"<p>[vc_row full_width=&#8221;stretch_row_content&#8221; css=&#8221;.vc_custom_1470941964046{background-color: #f1f0f0 !important;}&#8221;][vc_column][rev_slider_vc alias=&#8221;vertical_fullwidth&#8221;][\/vc_column][\/vc_row][vc_row css=&#8221;.vc_custom_1597406272682{margin-top: -60px !important;}&#8221;][vc_column width=&#8221;1\/2&#8243;][\/vc_column][vc_column width=&#8221;1\/2&#8243;][\/vc_column][\/vc_row][vc_row full_width=&#8221;stretch_row_content&#8221; css=&#8221;.vc_custom_1774471656991{margin-top: -60px !important;}&#8221;][vc_column width=&#8221;1\/3&#8243; css=&#8221;.vc_custom_1774473147385{padding-top: 50px !important;padding-bottom: 93px !important;background-color: #1E73BE !important;}&#8221;][\/vc_column][vc_column width=&#8221;1\/3&#8243; css=&#8221;.vc_custom_1774473166634{padding-top: 50px !important;padding-bottom: 93px !important;background-color: #000000 !important;}&#8221;][\/vc_column][vc_column width=&#8221;1\/3&#8243; css=&#8221;.vc_custom_1774472386477{padding-top: 50px !important;padding-bottom: 50px !important;background-color: #08A772 !important;}&#8221;][\/vc_column][\/vc_row][vc_row css=&#8221;.vc_custom_1597406272682{margin-top: -60px !important;}&#8221;][vc_column][\/vc_column][\/vc_row][vc_row css=&#8221;.vc_custom_1569351596655{margin-top: -110px !important;}&#8221;][vc_column width=&#8221;1\/3&#8243; align_sm=&#8221;content-center-sm&#8221; animation=&#8221;none&#8221; css=&#8221;.vc_custom_1774550004029{border-radius: 10px !important;border-color: #5A5555 !important;}&#8221;][\/vc_column][vc_column width=&#8221;1\/3&#8243; align_sm=&#8221;content-center-sm&#8221; [&hellip;]<\/p>\n","protected":false},"author":1,"featured_media":0,"parent":0,"menu_order":0,"comment_status":"closed","ping_status":"open","template":"","meta":{"_exactmetrics_skip_tracking":false,"_exactmetrics_sitenote_active":false,"_exactmetrics_sitenote_note":"","_exactmetrics_sitenote_category":0,"footnotes":""},"class_list":["post-2","page","type-page","status-publish","hentry"],"_links":{"self":[{"href":"https:\/\/manuts.com.br\/index.php\/wp-json\/wp\/v2\/pages\/2","targetHints":{"allow":["GET"]}}],"collection":[{"href":"https:\/\/manuts.com.br\/index.php\/wp-json\/wp\/v2\/pages"}],"about":[{"href":"https:\/\/manuts.com.br\/index.php\/wp-json\/wp\/v2\/types\/page"}],"author":[{"embeddable":true,"href":"https:\/\/manuts.com.br\/index.php\/wp-json\/wp\/v2\/users\/1"}],"replies":[{"embeddable":true,"href":"https:\/\/manuts.com.br\/index.php\/wp-json\/wp\/v2\/comments?post=2"}],"version-history":[{"count":80,"href":"https:\/\/manuts.com.br\/index.php\/wp-json\/wp\/v2\/pages\/2\/revisions"}],"predecessor-version":[{"id":415,"href":"https:\/\/manuts.com.br\/index.php\/wp-json\/wp\/v2\/pages\/2\/revisions\/415"}],"wp:attachment":[{"href":"https:\/\/manuts.com.br\/index.php\/wp-json\/wp\/v2\/media?parent=2"}],"curies":[{"name":"wp","href":"https:\/\/api.w.org\/{rel}","templated":true}]}}