{"id":207,"date":"2019-09-23T09:36:28","date_gmt":"2019-09-23T12:36:28","guid":{"rendered":"https:\/\/manuts.com.br\/?page_id=207"},"modified":"2019-10-18T15:25:50","modified_gmt":"2019-10-18T18:25:50","slug":"torre-de-iluminacao","status":"publish","type":"page","link":"https:\/\/manuts.com.br\/index.php\/torre-de-iluminacao\/","title":{"rendered":"Torre de ilumina\u00e7\u00e3o"},"content":{"rendered":"<div class=\"wpb-content-wrapper\"><p>[vc_row][vc_column]\n\n\n    <h2 id=\"hd-69f59439b0414\" class=\"li-heading  center fw-bold         vc_custom_1571423135511\" style=\"color: #1e73be;\" >\n        TORRE DE ILUMINA\u00c7\u00c3O        <small  class=\"fw-bold\">SERVI\u00c7OS DE MANUTEN\u00c7\u00c3O<\/small>    <\/h2>\n\n\n\n    \n\n\n    <h3 id=\"hd-69f59439b0442\" class=\"li-heading  center fw-bold         vc_custom_1569244068135\" style=\"color: #1e73be;\" >\n        Programe as manuten\u00e7\u00f5es preventivas de sua(s) m\u00e1quina(s) com a Manut Servi\u00e7os!        <small  class=\"fw-bold\">Programe as manuten\u00e7\u00f5es preventivas de sua(s) m\u00e1quina(s) com a Manut Servi\u00e7os!<\/small>    <\/h3>\n\n\n\n    [\/vc_column][\/vc_row][vc_row][vc_column]\n\n    <div id=\"tb-69f59439b0459\" class=\"li-textblock          vc_custom_1569244128657\"  >\n        <h3 style=\"text-align: center;\">Projeto e instala\u00e7\u00e3o de holofote de led 1000 watts.<\/h3>\n<h3 style=\"text-align: center;\">Fabrica\u00e7\u00e3o de mastro acima de 9 metros.<\/h3>\n<h3 style=\"text-align: center;\">Vendas de p\u00e9 de apoio.<\/h3>\n    <\/div>\n\n\n     \n\n    <div id=\"img-69f59439b04bc\" class=\"li-image  center        \" >\n\n        \n            \n                <img loading=\"lazy\" decoding=\"async\" width=\"567\" height=\"328\" src=\"https:\/\/manuts.com.br\/wp-content\/uploads\/2019\/09\/torre_iluminacao_pag2.png\" class=\"img-responsive\" alt=\"\" srcset=\"https:\/\/manuts.com.br\/wp-content\/uploads\/2019\/09\/torre_iluminacao_pag2.png 567w, https:\/\/manuts.com.br\/wp-content\/uploads\/2019\/09\/torre_iluminacao_pag2-300x174.png 300w\" sizes=\"auto, (max-width: 567px) 100vw, 567px\" \/>\n            \n        \n    <\/div>\n\n     [\/vc_column][\/vc_row][vc_row][vc_column]\n\n    <div id=\"img-69f59439b0736\" class=\"li-image  center         vc_custom_1569244055336\" >\n\n        \n            \n                <img loading=\"lazy\" decoding=\"async\" width=\"497\" height=\"325\" src=\"https:\/\/manuts.com.br\/wp-content\/uploads\/2019\/09\/torre_iluminacao_pag.png\" class=\"img-responsive\" alt=\"\" srcset=\"https:\/\/manuts.com.br\/wp-content\/uploads\/2019\/09\/torre_iluminacao_pag.png 497w, https:\/\/manuts.com.br\/wp-content\/uploads\/2019\/09\/torre_iluminacao_pag-300x196.png 300w\" sizes=\"auto, (max-width: 497px) 100vw, 497px\" \/>\n            \n        \n    <\/div>\n\n     \n\n    <div id=\"tb-69f59439b0923\" class=\"li-textblock         \"  >\n        <h3 style=\"text-align: jUSTIFY;\">A&nbsp;<strong>Manut Servi\u00e7os <\/strong>&nbsp;possui uma equipe de profissionais capacitados e especializados, para garantir longa vida \u00e0 sua m\u00e1quina, com confiabilidade e alta performance, combinando os melhores produtos com os melhores servi\u00e7os, atendendo as suas necessidades.<\/h3>\n    <\/div>\n\n\n     [\/vc_column][\/vc_row]<\/p>\n<\/div>","protected":false},"excerpt":{"rendered":"<p>[vc_row][vc_column][\/vc_column][\/vc_row][vc_row][vc_column][\/vc_column][\/vc_row][vc_row][vc_column][\/vc_column][\/vc_row]<\/p>\n","protected":false},"author":1,"featured_media":0,"parent":0,"menu_order":0,"comment_status":"closed","ping_status":"closed","template":"","meta":{"_exactmetrics_skip_tracking":false,"_exactmetrics_sitenote_active":false,"_exactmetrics_sitenote_note":"","_exactmetrics_sitenote_category":0,"footnotes":""},"class_list":["post-207","page","type-page","status-publish","hentry"],"_links":{"self":[{"href":"https:\/\/manuts.com.br\/index.php\/wp-json\/wp\/v2\/pages\/207","targetHints":{"allow":["GET"]}}],"collection":[{"href":"https:\/\/manuts.com.br\/index.php\/wp-json\/wp\/v2\/pages"}],"about":[{"href":"https:\/\/manuts.com.br\/index.php\/wp-json\/wp\/v2\/types\/page"}],"author":[{"embeddable":true,"href":"https:\/\/manuts.com.br\/index.php\/wp-json\/wp\/v2\/users\/1"}],"replies":[{"embeddable":true,"href":"https:\/\/manuts.com.br\/index.php\/wp-json\/wp\/v2\/comments?post=207"}],"version-history":[{"count":4,"href":"https:\/\/manuts.com.br\/index.php\/wp-json\/wp\/v2\/pages\/207\/revisions"}],"predecessor-version":[{"id":267,"href":"https:\/\/manuts.com.br\/index.php\/wp-json\/wp\/v2\/pages\/207\/revisions\/267"}],"wp:attachment":[{"href":"https:\/\/manuts.com.br\/index.php\/wp-json\/wp\/v2\/media?parent=207"}],"curies":[{"name":"wp","href":"https:\/\/api.w.org\/{rel}","templated":true}]}}