{"id":254,"date":"2019-10-18T14:51:34","date_gmt":"2019-10-18T17:51:34","guid":{"rendered":"https:\/\/manuts.com.br\/?page_id=254"},"modified":"2019-10-18T15:08:20","modified_gmt":"2019-10-18T18:08:20","slug":"equipamento-para-construcao-civil","status":"publish","type":"page","link":"https:\/\/manuts.com.br\/index.php\/equipamento-para-construcao-civil\/","title":{"rendered":"Equipamento Para Constru\u00e7\u00e3o Civil"},"content":{"rendered":"<div class=\"wpb-content-wrapper\"><p>[vc_row][vc_column]\n\n\n    <h2 id=\"hd-69f1eadd72360\" class=\"li-heading  center fw-bold         vc_custom_1571421433172\" style=\"color: #1e73be;\" >\n        EQUIPAMENTO PARA CONSTRU\u00c7\u00c3O CIVIL        <small  class=\"fw-bold\">SERVI\u00c7OS DE MANUTEN\u00c7\u00c3O<\/small>    <\/h2>\n\n\n\n    \n\n\n    <h3 id=\"hd-69f1eadd7238f\" class=\"li-heading  center fw-bold         vc_custom_1571421414866\" style=\"color: #1e73be;\" >\n        Programe as manuten\u00e7\u00f5es preventivas de sua(s) m\u00e1quina(s) com a Manut Servi\u00e7os!         <small  class=\"fw-bold\">Programe as manuten\u00e7\u00f5es preventivas de sua(s) m\u00e1quina(s) com a Manut Servi\u00e7os!<\/small>    <\/h3>\n\n\n\n    [\/vc_column][\/vc_row][vc_row][vc_column width=&#8221;1\/2&#8243;]\n\n    <div id=\"img-69f1eadd723a5\" class=\"li-image          \" >\n\n        \n            \n                <img loading=\"lazy\" decoding=\"async\" width=\"528\" height=\"466\" src=\"https:\/\/manuts.com.br\/wp-content\/uploads\/2019\/10\/PRODUTOS.png\" class=\"img-responsive\" alt=\"\" srcset=\"https:\/\/manuts.com.br\/wp-content\/uploads\/2019\/10\/PRODUTOS.png 528w, https:\/\/manuts.com.br\/wp-content\/uploads\/2019\/10\/PRODUTOS-300x265.png 300w\" sizes=\"auto, (max-width: 528px) 100vw, 528px\" \/>\n            \n        \n    <\/div>\n\n     [\/vc_column][vc_column width=&#8221;1\/2&#8243;]\n\n    <div id=\"tb-69f1eadd7264f\" class=\"li-textblock         \"  >\n        <p style=\"text-align: justify;\">Com uma equipe t\u00e9cnica qualificada, oferecemos servi\u00e7os de manuten\u00e7\u00e3o em toda linha de equipamentos para constru\u00e7\u00e3o. Com garantia, agilidade e qualidade<\/p>\n    <\/div>\n\n\n     \n\n    <div id=\"tb-69f1eadd7269d\" class=\"li-textblock         \"  >\n        <ul>\n<li>Compactador<\/li>\n<li>Placa vibrat\u00f3ria<\/li>\n<li>Mangote<\/li>\n<li>Betoneira<\/li>\n<li>Serras<\/li>\n<li>Clipper<\/li>\n<li>Rompedor pneum\u00e1tico e el\u00e9trico<\/li>\n<li>Gerador port\u00e1til<\/li>\n<li>Motores eletricos e a combust\u00e3o para acionamento de maquina de solda, vibradores e outros.<\/li>\n<\/ul>\n    <\/div>\n\n\n     [\/vc_column][\/vc_row]<\/p>\n<\/div>","protected":false},"excerpt":{"rendered":"<p>[vc_row][vc_column][\/vc_column][\/vc_row][vc_row][vc_column width=&#8221;1\/2&#8243;][\/vc_column][vc_column width=&#8221;1\/2&#8243;][\/vc_column][\/vc_row]<\/p>\n","protected":false},"author":1,"featured_media":0,"parent":0,"menu_order":0,"comment_status":"closed","ping_status":"closed","template":"","meta":{"_exactmetrics_skip_tracking":false,"_exactmetrics_sitenote_active":false,"_exactmetrics_sitenote_note":"","_exactmetrics_sitenote_category":0,"footnotes":""},"class_list":["post-254","page","type-page","status-publish","hentry"],"_links":{"self":[{"href":"https:\/\/manuts.com.br\/index.php\/wp-json\/wp\/v2\/pages\/254","targetHints":{"allow":["GET"]}}],"collection":[{"href":"https:\/\/manuts.com.br\/index.php\/wp-json\/wp\/v2\/pages"}],"about":[{"href":"https:\/\/manuts.com.br\/index.php\/wp-json\/wp\/v2\/types\/page"}],"author":[{"embeddable":true,"href":"https:\/\/manuts.com.br\/index.php\/wp-json\/wp\/v2\/users\/1"}],"replies":[{"embeddable":true,"href":"https:\/\/manuts.com.br\/index.php\/wp-json\/wp\/v2\/comments?post=254"}],"version-history":[{"count":4,"href":"https:\/\/manuts.com.br\/index.php\/wp-json\/wp\/v2\/pages\/254\/revisions"}],"predecessor-version":[{"id":259,"href":"https:\/\/manuts.com.br\/index.php\/wp-json\/wp\/v2\/pages\/254\/revisions\/259"}],"wp:attachment":[{"href":"https:\/\/manuts.com.br\/index.php\/wp-json\/wp\/v2\/media?parent=254"}],"curies":[{"name":"wp","href":"https:\/\/api.w.org\/{rel}","templated":true}]}}