{"id":294,"date":"2021-04-14T09:50:02","date_gmt":"2021-04-14T12:50:02","guid":{"rendered":"https:\/\/manuts.com.br\/?page_id=294"},"modified":"2026-04-07T09:01:58","modified_gmt":"2026-04-07T12:01:58","slug":"locacao","status":"publish","type":"page","link":"https:\/\/manuts.com.br\/index.php\/locacao\/","title":{"rendered":"Loca\u00e7\u00e3o"},"content":{"rendered":"<div class=\"wpb-content-wrapper\"><p>[vc_row][vc_column]\n\n    <div id=\"tb-69e43f6cd1a91\" class=\"li-textblock         \"  >\n        \n\t\t\t\t<p class=\"rs-p-wp-fix\"><\/p>\n\t\t\t\t<sr7-module data-alias=\"locacao\" data-id=\"5\" id=\"SR7_5_1\" class=\"rs-ov-hidden\" data-version=\"6.7.51\">\n\t\t\t\t\t<sr7-adjuster><\/sr7-adjuster>\n\t\t\t\t\t<sr7-content>\n\t\t\t\t\t\t<sr7-slide id=\"SR7_5_1-10\" data-key=\"10\">\n\t\t\t\t\t\t\t<sr7-txt id=\"SR7_5_1-10-1\" class=\"sr7-layer\">H\u00e1 mais de 15 anos, ajudamos a construir o futuro da sua obra\ncom a loca\u00e7\u00e3o de mini escavadeiras e mini carregadeiras, no melhor custo benef\u00edcio do Brasil!\nprodutividade no dia a dia da obra.<\/sr7-txt>\n\t\t\t\t\t\t\t<a id=\"SR7_5_1-10-4\" class=\"sr7-layer\" href=\"https:\/\/wp.faleconosco.chat\/4d30c5fd1\" target=\"_self\">SOLICITAR OR\u00c7AMENTO DE LOCA\u00c7\u00c3O<\/a>\n\t\t\t\t\t\t\t<sr7-txt id=\"SR7_5_1-10-8\" class=\"sr7-layer\">Unindo efici\u00eancia, qualidade e \npre\u00e7o justo.<\/sr7-txt>\n\t\t\t\t\t\t<\/sr7-slide>\n\t\t\t\t\t\t<sr7-slide id=\"SR7_5_1-11\" data-key=\"11\">\n\t\t\t\t\t\t<\/sr7-slide>\n\t\t\t\t\t<\/sr7-content>\n\t\t\t\t\t<image_lists style=\"display:none\">\n\t\t\t\t\t\t<img data-src=\"\/\/manuts.com.br\/wp-content\/uploads\/2026\/03\/Design-sem-nome-46.png\" data-libid=\"362\" data-lib=\"medialibrary\" title=\"Design sem nome (46)\" width=\"0\" height=\"0\" data-dbsrc=\"Ly9tYW51dHMuY29tLmJyL3dwLWNvbnRlbnQvdXBsb2Fkcy8yMDI2LzAzL0Rlc2lnbi1zZW0tbm9tZS00Ni5wbmc=\"\/>\n\t\t\t\t\t<\/image_lists>\n\t\t\t\t<\/sr7-module>\n\t\t\t\t<script>\n\t\t\t\t\twindow.SR7 ??={};SR7.PMH ??={}; SR7.PMH[\"SR7_5_1\"] = {cn:100,state:false,fn: function() { if (window._tpt!==undefined && window._tpt.prepareModuleHeight !== undefined) {  _tpt.prepareModuleHeight({id:\"SR7_5_1\",el:[650,650,768,960,720],type:'standard',shdw:'0',gh:[650,650,450,342,211],gw:[1480,1480,1024,778,480],vpt:['-100px'],size:{fullWidth:false, fullHeight:false},mh:'0',onh:0,onw:0,bg:{color:'{\"orig\":\"transparent\",\"type\":\"solid\",\"string\":\"transparent\"}'}});   SR7.PMH[\"SR7_5_1\"].state=true;} else if(SR7.PMH[\"SR7_5_1\"].cn-->0)\tsetTimeout( SR7.PMH[\"SR7_5_1\"].fn,19);}};SR7.PMH[\"SR7_5_1\" ].fn();\n\t\t\t\t<\/script>\n\n    <\/div>\n\n\n     [\/vc_column][\/vc_row][vc_row][vc_column width=&#8221;1\/2&#8243;]\n\n\n    <h3 id=\"hd-69e43f6cd4b9c\" class=\"li-heading  center fw-bold         vc_custom_1774469766719\" style=\"color: #DD3333;\" >\n        Mini Escavadeiras            <\/h3>\n\n\n\n    \n\n    <div id=\"tb-69e43f6cd4bb7\" class=\"li-textblock          vc_custom_1774469382829\"  >\n        <p style=\"text-align: justify;\"><span style=\"font-weight: 400;\">A mini escavadeira oferece elevada for\u00e7a de escava\u00e7\u00e3o e ciclos r\u00e1pidos, garantindo a produtividade que sua obra exige. Seu sistema de tra\u00e7\u00e3o sobre esteiras proporciona mais estabilidade em diferentes superf\u00edcies, enquanto a l\u00e2mina permite nivelar terrenos e realizar o aterramento de valas. Alto desempenho mesmo em espa\u00e7os reduzidos.<\/span><\/p>\n    <\/div>\n\n\n     <div class=\"btn-wrapper center  vc_custom_1775562816430\"><a href=\"https:\/\/wp.faleconosco.chat\/4d30c5fd1\"   class=\"btn  btn-md  \" id=\"btn-69e43f6cd4bfc\">FAZER OR\u00c7AMENTO<\/a><\/div>[\/vc_column][vc_column width=&#8221;1\/2&#8243;]\n\n    <div id=\"img-69e43f6cd4c25\" class=\"li-image  center         vc_custom_1774469371903\" >\n\n        \n            \n                <img loading=\"lazy\" decoding=\"async\" width=\"800\" height=\"600\" src=\"https:\/\/manuts.com.br\/wp-content\/uploads\/2026\/03\/WhatsApp-Image-2026-03-03-at-09.55.52.jpeg\" class=\"img-responsive\" alt=\"\" srcset=\"https:\/\/manuts.com.br\/wp-content\/uploads\/2026\/03\/WhatsApp-Image-2026-03-03-at-09.55.52.jpeg 800w, https:\/\/manuts.com.br\/wp-content\/uploads\/2026\/03\/WhatsApp-Image-2026-03-03-at-09.55.52-300x225.jpeg 300w, https:\/\/manuts.com.br\/wp-content\/uploads\/2026\/03\/WhatsApp-Image-2026-03-03-at-09.55.52-768x576.jpeg 768w\" sizes=\"auto, (max-width: 800px) 100vw, 800px\" \/>\n            \n        \n    <\/div>\n\n     [\/vc_column][\/vc_row][vc_row][vc_column width=&#8221;1\/2&#8243;]\n\n    <div id=\"img-69e43f6cd4ea8\" class=\"li-image  center         vc_custom_1774470016704\" >\n\n        \n            \n                <img loading=\"lazy\" decoding=\"async\" width=\"712\" height=\"534\" src=\"https:\/\/manuts.com.br\/wp-content\/uploads\/2026\/03\/CM20190805-dd264-8803a.jpg\" class=\"img-responsive\" alt=\"\" srcset=\"https:\/\/manuts.com.br\/wp-content\/uploads\/2026\/03\/CM20190805-dd264-8803a.jpg 712w, https:\/\/manuts.com.br\/wp-content\/uploads\/2026\/03\/CM20190805-dd264-8803a-300x225.jpg 300w\" sizes=\"auto, (max-width: 712px) 100vw, 712px\" \/>\n            \n        \n    <\/div>\n\n     [\/vc_column][vc_column width=&#8221;1\/2&#8243;]\n\n\n    <h3 id=\"hd-69e43f6cd50a0\" class=\"li-heading  center fw-bold         vc_custom_1774545953063\" style=\"color: #DD3333;\" >\n        Mini Carregadeiras            <\/h3>\n\n\n\n    \n\n    <div id=\"tb-69e43f6cd50bc\" class=\"li-textblock          vc_custom_1774469977406\"  >\n        <p style=\"text-align: justify;\"><span style=\"font-weight: 400;\">Excelente desempenho e capacidade de manobra surpreendente. Seu tamanho compacto permite operar em locais de dif\u00edcil acesso e espa\u00e7os reduzidos. Oferece seguran\u00e7a ao operador e possibilita o acoplamento r\u00e1pido de diversos acess\u00f3rios, tornando-se ideal para diferentes servi\u00e7os. \u00c9 uma grande aliada na movimenta\u00e7\u00e3o de cargas, limpeza e log\u00edstica da obra.<\/span><\/p>\n    <\/div>\n\n\n     <div class=\"btn-wrapper center  vc_custom_1775563076020\"><a href=\"https:\/\/wp.faleconosco.chat\/4d30c5fd1\"   class=\"btn  btn-md  \" id=\"btn-69e43f6cd50fc\">FAZER OR\u00c7AMENTO<\/a><\/div>[\/vc_column][\/vc_row][vc_row][vc_column width=&#8221;1\/2&#8243;]\n\n    <div id=\"img-69e43f6cd5118\" class=\"li-image  center         vc_custom_1774470123254\" >\n\n        \n            \n                <img loading=\"lazy\" decoding=\"async\" width=\"1080\" height=\"1350\" src=\"https:\/\/manuts.com.br\/wp-content\/uploads\/2026\/03\/Design-sem-nome-45.png\" class=\"img-responsive\" alt=\"\" srcset=\"https:\/\/manuts.com.br\/wp-content\/uploads\/2026\/03\/Design-sem-nome-45.png 1080w, https:\/\/manuts.com.br\/wp-content\/uploads\/2026\/03\/Design-sem-nome-45-240x300.png 240w, https:\/\/manuts.com.br\/wp-content\/uploads\/2026\/03\/Design-sem-nome-45-819x1024.png 819w, https:\/\/manuts.com.br\/wp-content\/uploads\/2026\/03\/Design-sem-nome-45-768x960.png 768w\" sizes=\"auto, (max-width: 1080px) 100vw, 1080px\" \/>\n            \n        \n    <\/div>\n\n     [\/vc_column][vc_column width=&#8221;1\/2&#8243;]\n\n    <div id=\"img-69e43f6cd52f3\" class=\"li-image  center         vc_custom_1774470353938\" >\n\n        \n            \n                <img loading=\"lazy\" decoding=\"async\" width=\"300\" height=\"189\" src=\"https:\/\/manuts.com.br\/wp-content\/uploads\/2026\/03\/CAT-2-e1654034177309-300x189.png\" class=\"img-responsive\" alt=\"\" srcset=\"https:\/\/manuts.com.br\/wp-content\/uploads\/2026\/03\/CAT-2-e1654034177309-300x189.png 300w, https:\/\/manuts.com.br\/wp-content\/uploads\/2026\/03\/CAT-2-e1654034177309.png 550w\" sizes=\"auto, (max-width: 300px) 100vw, 300px\" \/>\n            \n        \n    <\/div>\n\n     \n\n    <div id=\"tb-69e43f6cd54d4\" class=\"li-textblock          vc_custom_1774470370609\"  >\n        <p style=\"text-align: Justify;\"><span style=\"font-weight: 400;\">H\u00e1 mais de 15 anos, a <\/span><b>Manut<\/b><span style=\"font-weight: 400;\"> atua com <\/span><b>loca\u00e7\u00e3o de mini escavadeiras<\/b><span style=\"font-weight: 400;\">, oferecendo equipamentos eficientes para escava\u00e7\u00f5es, abertura de valas, nivelamento de terrenos e servi\u00e7os em espa\u00e7os reduzidos.<\/span><\/p>\n<p style=\"text-align: Justify;\"><span style=\"font-weight: 400;\">Trabalhamos com m\u00e1quinas revisadas e prontas para garantir mais produtividade e agilidade na sua obra.<\/span><\/p>\n<p style=\"text-align: Justify;\"><b>Fale com a Manut e solicite um or\u00e7amento para loca\u00e7\u00e3o de mini escavadeira.<\/b><\/p>\n    <\/div>\n\n\n     <div class=\"btn-wrapper center  vc_custom_1774469935831\"><a href=\"https:\/\/wp.faleconosco.chat\/03f6536d4\"   class=\"btn  btn-md  \" id=\"btn-69e43f6cd553d\">FAZER OR\u00c7AMENTO<\/a><\/div>\n\n    <div id=\"img-69e43f6cd5558\" class=\"li-image  center         vc_custom_1774470434626\" >\n\n        \n            \n                <img loading=\"lazy\" decoding=\"async\" width=\"400\" height=\"400\" src=\"https:\/\/manuts.com.br\/wp-content\/uploads\/2026\/03\/bobcat-logo-vector.png\" class=\"img-responsive\" alt=\"\" srcset=\"https:\/\/manuts.com.br\/wp-content\/uploads\/2026\/03\/bobcat-logo-vector.png 400w, https:\/\/manuts.com.br\/wp-content\/uploads\/2026\/03\/bobcat-logo-vector-300x300.png 300w, https:\/\/manuts.com.br\/wp-content\/uploads\/2026\/03\/bobcat-logo-vector-150x150.png 150w, https:\/\/manuts.com.br\/wp-content\/uploads\/2026\/03\/bobcat-logo-vector-261x261.png 261w\" sizes=\"auto, (max-width: 400px) 100vw, 400px\" \/>\n            \n        \n    <\/div>\n\n     [\/vc_column][\/vc_row][vc_row][vc_column width=&#8221;1\/2&#8243;]\n\n    <div id=\"img-69e43f6cd570f\" class=\"li-image  center        \" >\n\n        \n            \n                <img loading=\"lazy\" decoding=\"async\" width=\"300\" height=\"238\" src=\"https:\/\/manuts.com.br\/wp-content\/uploads\/2019\/09\/Mailing-para-telemarketing-televendas-cobranca-think-data-thinkdata-300x238.jpg\" class=\"img-responsive\" alt=\"\" srcset=\"https:\/\/manuts.com.br\/wp-content\/uploads\/2019\/09\/Mailing-para-telemarketing-televendas-cobranca-think-data-thinkdata-300x238.jpg 300w, https:\/\/manuts.com.br\/wp-content\/uploads\/2019\/09\/Mailing-para-telemarketing-televendas-cobranca-think-data-thinkdata.jpg 494w\" sizes=\"auto, (max-width: 300px) 100vw, 300px\" \/>\n            \n        \n    <\/div>\n\n     [\/vc_column][vc_column width=&#8221;1\/2&#8243;]\n\n\n    <h3 id=\"hd-69e43f6cd58ee\" class=\"li-heading  left fw-bold         vc_custom_1626198336134\"  >\n        Ligamos Pra Voc\u00ea        <small  class=\"fw-light\">Se tiver interesse na loca\u00e7\u00e3o de m\u00e1quinas e equipamentos, deixe seus dados que a ETS entra em contato com voc\u00ea.<\/small>    <\/h3>\n\n\n\n    <div class=\"btn-wrapper inline  vc_custom_1775563163837\"><a href=\"https:\/\/wp.faleconosco.chat\/4d30c5fd1\" title=\"CONTATO\"  class=\"btn  btn-md btn-blue \" id=\"btn-69e43f6cd5900\">Clique aqui<\/a><\/div>[\/vc_column][\/vc_row][vc_row][vc_column][vc_masonry_media_grid grid_id=&#8221;vc_gid:1775562789176-d5dc841a6c021b82da43c7d6986e81a1-7&#8243; include=&#8221;241,240,243,238,239,237,236,152,166,172,148,147,150&#8243;][\/vc_column][\/vc_row]<\/p>\n<\/div>","protected":false},"excerpt":{"rendered":"<p>[vc_row][vc_column][\/vc_column][\/vc_row][vc_row][vc_column width=&#8221;1\/2&#8243;][\/vc_column][vc_column width=&#8221;1\/2&#8243;][\/vc_column][\/vc_row][vc_row][vc_column width=&#8221;1\/2&#8243;][\/vc_column][vc_column width=&#8221;1\/2&#8243;][\/vc_column][\/vc_row][vc_row][vc_column width=&#8221;1\/2&#8243;][\/vc_column][vc_column width=&#8221;1\/2&#8243;][\/vc_column][\/vc_row][vc_row][vc_column width=&#8221;1\/2&#8243;][\/vc_column][vc_column width=&#8221;1\/2&#8243;][\/vc_column][\/vc_row][vc_row][vc_column][vc_masonry_media_grid grid_id=&#8221;vc_gid:1775562789176-d5dc841a6c021b82da43c7d6986e81a1-7&#8243; include=&#8221;241,240,243,238,239,237,236,152,166,172,148,147,150&#8243;][\/vc_column][\/vc_row]<\/p>\n","protected":false},"author":1,"featured_media":0,"parent":0,"menu_order":0,"comment_status":"closed","ping_status":"closed","template":"","meta":{"_exactmetrics_skip_tracking":false,"_exactmetrics_sitenote_active":false,"_exactmetrics_sitenote_note":"","_exactmetrics_sitenote_category":0,"footnotes":""},"class_list":["post-294","page","type-page","status-publish","hentry"],"_links":{"self":[{"href":"https:\/\/manuts.com.br\/index.php\/wp-json\/wp\/v2\/pages\/294","targetHints":{"allow":["GET"]}}],"collection":[{"href":"https:\/\/manuts.com.br\/index.php\/wp-json\/wp\/v2\/pages"}],"about":[{"href":"https:\/\/manuts.com.br\/index.php\/wp-json\/wp\/v2\/types\/page"}],"author":[{"embeddable":true,"href":"https:\/\/manuts.com.br\/index.php\/wp-json\/wp\/v2\/users\/1"}],"replies":[{"embeddable":true,"href":"https:\/\/manuts.com.br\/index.php\/wp-json\/wp\/v2\/comments?post=294"}],"version-history":[{"count":22,"href":"https:\/\/manuts.com.br\/index.php\/wp-json\/wp\/v2\/pages\/294\/revisions"}],"predecessor-version":[{"id":418,"href":"https:\/\/manuts.com.br\/index.php\/wp-json\/wp\/v2\/pages\/294\/revisions\/418"}],"wp:attachment":[{"href":"https:\/\/manuts.com.br\/index.php\/wp-json\/wp\/v2\/media?parent=294"}],"curies":[{"name":"wp","href":"https:\/\/api.w.org\/{rel}","templated":true}]}}