{"id":333,"date":"2026-03-16T16:46:46","date_gmt":"2026-03-16T19:46:46","guid":{"rendered":"https:\/\/manuts.com.br\/?page_id=333"},"modified":"2026-04-07T09:36:27","modified_gmt":"2026-04-07T12:36:27","slug":"venda","status":"publish","type":"page","link":"https:\/\/manuts.com.br\/index.php\/venda\/","title":{"rendered":"Venda"},"content":{"rendered":"<div class=\"wpb-content-wrapper\"><p>[vc_row full_width=&#8221;stretch_row&#8221;][vc_column]\n\n    <div id=\"tb-69f543d290690\" class=\"li-textblock         \"  >\n        \n\t\t\t\t<p class=\"rs-p-wp-fix\"><\/p>\n\t\t\t\t<sr7-module data-alias=\"vendas\" data-id=\"4\" id=\"SR7_4_1\" class=\"rs-ov-hidden\" data-version=\"6.7.51\">\n\t\t\t\t\t<sr7-adjuster><\/sr7-adjuster>\n\t\t\t\t\t<sr7-content>\n\t\t\t\t\t\t<sr7-slide id=\"SR7_4_1-8\" data-key=\"8\">\n\t\t\t\t\t\t\t<sr7-txt id=\"SR7_4_1-8-1\" class=\"sr7-layer\">H\u00e1 mais de 15 anos, trabalhamos com mini \nescavadeiras e mini carregadeiras ideais para escava\u00e7\u00f5es, \nmovimenta\u00e7\u00e3o de terra e servi\u00e7os em espa\u00e7os reduzidos. \nEquipamentos robustos, confi\u00e1veis e prontos para entregar \nprodutividade no dia a dia da obra.<\/sr7-txt>\n\t\t\t\t\t\t\t<sr7-txt id=\"SR7_4_1-8-2\" class=\"sr7-layer\">Unindo efici\u00eancia, qualidade e \npre\u00e7o justo. Compre com garantia.<\/sr7-txt>\n\t\t\t\t\t\t\t<a id=\"SR7_4_1-8-4\" class=\"sr7-layer\" href=\"https:\/\/wp.faleconosco.chat\/4d30c5fd1\" target=\"_self\">Ver modelos dispon\u00edveis<\/a>\n\t\t\t\t\t\t\t<sr7-txt id=\"SR7_4_1-8-7\" class=\"sr7-layer\">H\u00e1 mais de 15 anos, trabalhamos com mini \nescavadeiras e mini carregadeiras ideais para escava\u00e7\u00f5es, \nmovimenta\u00e7\u00e3o de terra e servi\u00e7os em espa\u00e7os reduzidos. \nEquipamentos robustos, confi\u00e1veis e prontos para entregar \nprodutividade no dia a dia da obra.<\/sr7-txt>\n\t\t\t\t\t\t<\/sr7-slide>\n\t\t\t\t\t\t<sr7-slide id=\"SR7_4_1-9\" data-key=\"9\">\n\t\t\t\t\t\t<\/sr7-slide>\n\t\t\t\t\t<\/sr7-content>\n\t\t\t\t\t<image_lists style=\"display:none\">\n\t\t\t\t\t\t<img data-src=\"\/\/manuts.com.br\/wp-content\/uploads\/2026\/03\/1-Design sem nome (47).png\" data-libid=\"336\" title=\"Design sem nome (47)\" width=\"0\" height=\"0\" data-dbsrc=\"Ly9tYW51dHMuY29tLmJyL3dwLWNvbnRlbnQvdXBsb2Fkcy8yMDI2LzAzLzEtRGVzaWduIHNlbSBub21lICg0NykucG5n\"\/>\n\t\t\t\t\t<\/image_lists>\n\t\t\t\t<\/sr7-module>\n\t\t\t\t<script>\n\t\t\t\t\twindow.SR7 ??={};SR7.PMH ??={}; SR7.PMH[\"SR7_4_1\"] = {cn:100,state:false,fn: function() { if (window._tpt!==undefined && window._tpt.prepareModuleHeight !== undefined) {  _tpt.prepareModuleHeight({id:\"SR7_4_1\",el:[650,650,768,960,720],type:'standard',shdw:'0',gh:[650,650,450,342,211],gw:[1480,1480,1024,778,480],vpt:['-100px'],size:{fullWidth:false, fullHeight:false},mh:'0',onh:0,onw:0,bg:{color:'{\"orig\":\"transparent\",\"type\":\"solid\",\"string\":\"transparent\"}'}});   SR7.PMH[\"SR7_4_1\"].state=true;} else if(SR7.PMH[\"SR7_4_1\"].cn-->0)\tsetTimeout( SR7.PMH[\"SR7_4_1\"].fn,19);}};SR7.PMH[\"SR7_4_1\" ].fn();\n\t\t\t\t<\/script>\n\n    <\/div>\n\n\n     [\/vc_column][\/vc_row][vc_row css=&#8221;.vc_custom_1773766175827{margin-top: -50px !important;margin-bottom: 0px !important;}&#8221;][vc_column width=&#8221;1\/2&#8243;]\n\n\n    <h3 id=\"hd-69f543d293844\" class=\"li-heading  center fw-bold         vc_custom_1773766186520\" style=\"color: #DD3333;\" >\n        Mini Escavadeira Bobcat E26            <\/h3>\n\n\n\n    \n\n    <div id=\"tb-69f543d293859\" class=\"li-textblock         \"  >\n        <p style=\"text-align: JUSTIFY;\"><span style=\"font-weight: 400;\">A mini escavadeira oferece elevada for\u00e7a de escava\u00e7\u00e3o e ciclos r\u00e1pidos, garantindo a produtividade que sua obra exige. Seu sistema de tra\u00e7\u00e3o sobre esteiras proporciona mais estabilidade em diferentes superf\u00edcies, enquanto a l\u00e2mina permite nivelar terrenos e realizar o aterramento de valas. Alto desempenho mesmo em espa\u00e7os reduzidos.<\/span><\/p>\n    <\/div>\n\n\n     \n\n\n    <h4 id=\"hd-69f543d2938ab\" class=\"li-heading  center fw-bold         vc_custom_1773766229985\" style=\"color: #DD3333;\" >\n        Especifica\u00e7\u00f5es T\u00e9cnicas            <\/h4>\n\n\n\n    \n\n    <div id=\"tb-69f543d2938b9\" class=\"li-textblock         \"  >\n        <p style=\"text-align: JUSTIFY;\"><span style=\"font-weight: 400;\">Peso Operacional:&nbsp; 2950 kg<\/span><span style=\"font-weight: 400;\"><br \/>\n<\/span><span style=\"font-weight: 400;\">Pot\u00eancia: 18.5 kw<\/span><span style=\"font-weight: 400;\"><br \/>\n<\/span><span style=\"font-weight: 400;\">Capacidade da ca\u00e7amba: 0,072m3<\/span><\/p>\n    <\/div>\n\n\n     <div class=\"btn-wrapper center  vc_custom_1775564146430\"><a href=\"https:\/\/wp.faleconosco.chat\/4d30c5fd1\"   class=\"btn  btn-md btn-green btn-3d btn-icon-left\" id=\"btn-69f543d293917\"><i class=\"fa fa-brands fa-whatsapp\"><\/i>Fazer cota\u00e7\u00e3o<\/a><\/div>[\/vc_column][vc_column width=&#8221;1\/2&#8243;]\n\n    <div id=\"img-69f543d293940\" class=\"li-image  center         vc_custom_1773766332865\" >\n\n        \n            \n                <img loading=\"lazy\" decoding=\"async\" width=\"800\" height=\"600\" src=\"https:\/\/manuts.com.br\/wp-content\/uploads\/2026\/03\/WhatsApp-Image-2026-03-03-at-09.55.52.jpeg\" class=\"img-responsive\" alt=\"\" srcset=\"https:\/\/manuts.com.br\/wp-content\/uploads\/2026\/03\/WhatsApp-Image-2026-03-03-at-09.55.52.jpeg 800w, https:\/\/manuts.com.br\/wp-content\/uploads\/2026\/03\/WhatsApp-Image-2026-03-03-at-09.55.52-300x225.jpeg 300w, https:\/\/manuts.com.br\/wp-content\/uploads\/2026\/03\/WhatsApp-Image-2026-03-03-at-09.55.52-768x576.jpeg 768w\" sizes=\"auto, (max-width: 800px) 100vw, 800px\" \/>\n            \n        \n    <\/div>\n\n     [\/vc_column][\/vc_row][vc_row css=&#8221;.vc_custom_1773766471357{margin-top: 30px !important;margin-bottom: 0px !important;}&#8221;][vc_column width=&#8221;1\/2&#8243;]\n\n    <div id=\"img-69f543d293c02\" class=\"li-image  center         vc_custom_1773766641204\" >\n\n        \n            \n                <img loading=\"lazy\" decoding=\"async\" width=\"712\" height=\"534\" src=\"https:\/\/manuts.com.br\/wp-content\/uploads\/2026\/03\/CM20190805-dd264-8803a.jpg\" class=\"img-responsive\" alt=\"\" srcset=\"https:\/\/manuts.com.br\/wp-content\/uploads\/2026\/03\/CM20190805-dd264-8803a.jpg 712w, https:\/\/manuts.com.br\/wp-content\/uploads\/2026\/03\/CM20190805-dd264-8803a-300x225.jpg 300w\" sizes=\"auto, (max-width: 712px) 100vw, 712px\" \/>\n            \n        \n    <\/div>\n\n     [\/vc_column][vc_column width=&#8221;1\/2&#8243;]\n\n\n    <h3 id=\"hd-69f543d293e38\" class=\"li-heading  center fw-bold         vc_custom_1773766587348\" style=\"color: #DD3333;\" >\n        Minicarregadeira 226B3 Caterpillar            <\/h3>\n\n\n\n    \n\n    <div id=\"tb-69f543d293e4d\" class=\"li-textblock         \"  >\n        <p style=\"text-align: JUSTIFY;\"><span style=\"font-weight: 400;\">Excelente desempenho e capacidade de manobra surpreendente. Seu tamanho compacto permite operar em locais de dif\u00edcil acesso e espa\u00e7os reduzidos. Oferece seguran\u00e7a ao operador e possibilita o acoplamento r\u00e1pido de diversos acess\u00f3rios, tornando-se ideal para diferentes servi\u00e7os. \u00c9 uma grande aliada na movimenta\u00e7\u00e3o de cargas, limpeza e log\u00edstica da obra.<\/span><\/p>\n    <\/div>\n\n\n     \n\n\n    <h4 id=\"hd-69f543d293e99\" class=\"li-heading  center fw-bold         vc_custom_1773766229985\" style=\"color: #DD3333;\" >\n        Especifica\u00e7\u00f5es T\u00e9cnicas            <\/h4>\n\n\n\n    \n\n    <div id=\"tb-69f543d293ea6\" class=\"li-textblock         \"  >\n        <p style=\"text-align: JUSTIFY;\"><span style=\"font-weight: 400;\">Pot\u00eancia l\u00edquida: 15,2 kw | 20,7 hp<\/span><span style=\"font-weight: 400;\"><br \/>\n<\/span><span style=\"font-weight: 400;\">Pot\u00eancia bruta: 17,9 kw | 24,3 hp<\/span><span style=\"font-weight: 400;\"><br \/>\n<\/span><span style=\"font-weight: 400;\">Peso de transporte: 2670<\/span><\/p>\n    <\/div>\n\n\n     <div class=\"btn-wrapper center  vc_custom_1775564158309\"><a href=\"https:\/\/wp.faleconosco.chat\/4d30c5fd1\"   class=\"btn  btn-md btn-green btn-3d btn-icon-left\" id=\"btn-69f543d293eff\"><i class=\"fa fa-brands fa-whatsapp\"><\/i>Fazer cota\u00e7\u00e3o<\/a><\/div>[\/vc_column][\/vc_row][vc_row css=&#8221;.vc_custom_1773766471357{margin-top: 30px !important;margin-bottom: 0px !important;}&#8221;][vc_column width=&#8221;1\/2&#8243;]\n\n    <div id=\"img-69f543d293f1f\" class=\"li-image  center         vc_custom_1773767785879\" >\n\n        \n            \n                <img loading=\"lazy\" decoding=\"async\" width=\"1080\" height=\"1080\" src=\"https:\/\/manuts.com.br\/wp-content\/uploads\/2026\/03\/Design-sem-nome-49.png\" class=\"img-responsive\" alt=\"\" srcset=\"https:\/\/manuts.com.br\/wp-content\/uploads\/2026\/03\/Design-sem-nome-49.png 1080w, https:\/\/manuts.com.br\/wp-content\/uploads\/2026\/03\/Design-sem-nome-49-300x300.png 300w, https:\/\/manuts.com.br\/wp-content\/uploads\/2026\/03\/Design-sem-nome-49-1024x1024.png 1024w, https:\/\/manuts.com.br\/wp-content\/uploads\/2026\/03\/Design-sem-nome-49-150x150.png 150w, https:\/\/manuts.com.br\/wp-content\/uploads\/2026\/03\/Design-sem-nome-49-768x768.png 768w, https:\/\/manuts.com.br\/wp-content\/uploads\/2026\/03\/Design-sem-nome-49-261x261.png 261w\" sizes=\"auto, (max-width: 1080px) 100vw, 1080px\" \/>\n            \n        \n    <\/div>\n\n     [\/vc_column][vc_column width=&#8221;1\/2&#8243;]\n\n    <div id=\"tb-69f543d294151\" class=\"li-textblock          vc_custom_1773767888890\"  >\n        <p style=\"text-align: justify;\"><span style=\"font-weight: 400;\">Com s\u00f3lida experi\u00eancia no mercado, a <\/span><b>Manut<\/b><span style=\"font-weight: 400;\"> oferece <\/span><b>mini escavadeiras \u00e0 venda<\/b><span style=\"font-weight: 400;\">, ideais para escava\u00e7\u00f5es, abertura de valas, nivelamento de terrenos e trabalhos em espa\u00e7os reduzidos.<\/span><\/p>\n<p style=\"text-align: justify;\"><span style=\"font-weight: 400;\">S\u00e3o equipamentos robustos, revisados e preparados para garantir mais produtividade, efici\u00eancia e confiabilidade no dia a dia da obra.<\/span><\/p>\n<p style=\"text-align: justify;\"><b>Fale com a Manut e solicite uma proposta para adquirir sua mini escavadeira.<\/b><\/p>\n    <\/div>\n\n\n     <div class=\"btn-wrapper center  vc_custom_1775564178141\"><a href=\"https:\/\/wp.faleconosco.chat\/4d30c5fd1\"   class=\"btn  btn-md btn-green btn-3d btn-icon-left\" id=\"btn-69f543d2941dc\"><i class=\"fa fa-brands fa-whatsapp\"><\/i>Fazer cota\u00e7\u00e3o<\/a><\/div>[\/vc_column][\/vc_row]<\/p>\n<\/div>","protected":false},"excerpt":{"rendered":"<p>[vc_row full_width=&#8221;stretch_row&#8221;][vc_column][\/vc_column][\/vc_row][vc_row css=&#8221;.vc_custom_1773766175827{margin-top: -50px !important;margin-bottom: 0px !important;}&#8221;][vc_column width=&#8221;1\/2&#8243;][\/vc_column][vc_column width=&#8221;1\/2&#8243;][\/vc_column][\/vc_row][vc_row css=&#8221;.vc_custom_1773766471357{margin-top: 30px !important;margin-bottom: 0px !important;}&#8221;][vc_column width=&#8221;1\/2&#8243;][\/vc_column][vc_column width=&#8221;1\/2&#8243;][\/vc_column][\/vc_row][vc_row css=&#8221;.vc_custom_1773766471357{margin-top: 30px !important;margin-bottom: 0px !important;}&#8221;][vc_column width=&#8221;1\/2&#8243;][\/vc_column][vc_column width=&#8221;1\/2&#8243;][\/vc_column][\/vc_row]<\/p>\n","protected":false},"author":1,"featured_media":0,"parent":0,"menu_order":0,"comment_status":"closed","ping_status":"closed","template":"","meta":{"_exactmetrics_skip_tracking":false,"_exactmetrics_sitenote_active":false,"_exactmetrics_sitenote_note":"","_exactmetrics_sitenote_category":0,"footnotes":""},"class_list":["post-333","page","type-page","status-publish","hentry"],"_links":{"self":[{"href":"https:\/\/manuts.com.br\/index.php\/wp-json\/wp\/v2\/pages\/333","targetHints":{"allow":["GET"]}}],"collection":[{"href":"https:\/\/manuts.com.br\/index.php\/wp-json\/wp\/v2\/pages"}],"about":[{"href":"https:\/\/manuts.com.br\/index.php\/wp-json\/wp\/v2\/types\/page"}],"author":[{"embeddable":true,"href":"https:\/\/manuts.com.br\/index.php\/wp-json\/wp\/v2\/users\/1"}],"replies":[{"embeddable":true,"href":"https:\/\/manuts.com.br\/index.php\/wp-json\/wp\/v2\/comments?post=333"}],"version-history":[{"count":25,"href":"https:\/\/manuts.com.br\/index.php\/wp-json\/wp\/v2\/pages\/333\/revisions"}],"predecessor-version":[{"id":419,"href":"https:\/\/manuts.com.br\/index.php\/wp-json\/wp\/v2\/pages\/333\/revisions\/419"}],"wp:attachment":[{"href":"https:\/\/manuts.com.br\/index.php\/wp-json\/wp\/v2\/media?parent=333"}],"curies":[{"name":"wp","href":"https:\/\/api.w.org\/{rel}","templated":true}]}}